{"id":3,"date":"2019-07-02T13:36:20","date_gmt":"2019-07-02T13:36:20","guid":{"rendered":"http:\/\/10.44.205.4\/wp\/iulian\/colibri-dev-02jul19-1635\/?page_id=3"},"modified":"2026-02-10T22:51:26","modified_gmt":"2026-02-10T22:51:26","slug":"politica-de-privacidad","status":"publish","type":"page","link":"https:\/\/anisopter.com\/es\/politica-de-privacidad\/","title":{"rendered":"Pol\u00edtica de Privacidad"},"content":{"rendered":"<div data-colibri-id=\"3-c1\" class=\"style-3120 style-local-3-c1 position-relative\">\n  <!---->\n  <div data-colibri-component=\"section\" data-colibri-id=\"3-c2\" id=\"custom\" class=\"h-section h-section-global-spacing d-flex align-items-lg-center align-items-md-center align-items-center style-3129 style-local-3-c2 position-relative\">\n    <!---->\n    <!---->\n    <div class=\"h-section-grid-container h-section-boxed-container\">\n      <!---->\n      <div data-colibri-id=\"3-c3\" class=\"h-row-container gutters-row-lg-2 gutters-row-md-2 gutters-row-0 gutters-row-v-lg-2 gutters-row-v-md-2 gutters-row-v-2 style-3130 style-local-3-c3 position-relative\">\n        <!---->\n        <div class=\"h-row justify-content-lg-center justify-content-md-center justify-content-center align-items-lg-stretch align-items-md-stretch align-items-stretch gutters-col-lg-2 gutters-col-md-2 gutters-col-0 gutters-col-v-lg-2 gutters-col-v-md-2 gutters-col-v-2\">\n          <!---->\n          <div class=\"h-column h-column-container d-flex h-col-lg-auto h-col-md-auto h-col-auto style-3131-outer style-local-3-c4-outer\">\n            <div data-colibri-id=\"3-c4\" class=\"d-flex h-flex-basis h-column__inner h-px-lg-2 h-px-md-2 h-px-2 v-inner-lg-2 v-inner-md-2 v-inner-2 style-3131 style-local-3-c4 position-relative\">\n              <!---->\n              <!---->\n              <div class=\"w-100 h-y-container h-column__content h-column__v-align flex-basis-100 align-self-lg-start align-self-md-start align-self-start\">\n                <!---->\n                <div data-colibri-id=\"3-c5\" class=\"h-text h-text-component style-3132 style-local-3-c5 position-relative h-element\">\n                  <!---->\n                  <!---->\n                  <div class=\"\">\n                    <h3><strong style=\"font-weight: 700;\"><br>POL\u00cdTICA DE PRIVACIDAD<\/strong><\/h3>\n                    <h4>1. Responsable del tratamiento<\/h4>\n                    <p>En cumplimiento del Reglamento (UE) 2016\/679 (RGPD) y de la Ley Org\u00e1nica 3\/2018 (LOPDGDD), se informa de que el responsable del tratamiento de los datos personales recogidos a trav\u00e9s de este sitio web es:<\/p>\n                    <p><strong>Anisopter Insightful Research, S.L.<\/strong>\n                      <br> CIF: ESB16852139\n                      <br> Domicilio: C\/ Diversidad 1, 4, 3A, 28922 Alcorc\u00f3n (Madrid), Espa\u00f1a\n                      <br> Correo electr\u00f3nico: <strong rel=\"noopener\" style=\"font-weight: 700;\">privacy@anisopter.com<\/strong><\/p>\n                    <h4>2. Finalidad del tratamiento<\/h4>\n                    <p>Los datos personales que puedan recabarse a trav\u00e9s del sitio web se tratan con las siguientes finalidades:<\/p>\n                    <ul>\n                      <li>Gestionar las comunicaciones recibidas a trav\u00e9s de las direcciones de correo electr\u00f3nico publicadas en el sitio web.<\/li>\n                      <li>Atender consultas o solicitudes enviadas voluntariamente por los usuarios.<\/li>\n                      <li>Gestionar y moderar los comentarios publicados en el blog.<\/li>\n                      <li>Analizar el uso del sitio web mediante cookies anal\u00edticas con el fin de mejorar su funcionamiento y contenidos.<\/li>\n                    <\/ul>\n                    <p>No se realizan tratamientos con fines publicitarios ni elaboraci\u00f3n de perfiles comerciales.<\/p>\n                    <h4>3. Categor\u00edas de datos tratados<\/h4>\n                    <p>En funci\u00f3n del uso que el usuario haga del sitio web, podr\u00e1n tratarse las siguientes categor\u00edas de datos:<\/p>\n                    <ul>\n                      <li>Datos identificativos (nombre y direcci\u00f3n de correo electr\u00f3nico).<\/li>\n                      <li>Datos t\u00e9cnicos (direcci\u00f3n IP, agente de usuario, informaci\u00f3n del navegador).<\/li>\n                      <li>Datos contenidos en los mensajes o comentarios enviados voluntariamente por el usuario.<\/li>\n                    <\/ul>\n                    <p>No se tratan categor\u00edas especiales de datos personales.<\/p>\n                    <h4>4. Base jur\u00eddica del tratamiento<\/h4>\n                    <p>Las bases legales para el tratamiento son:<\/p>\n                    <ul>\n                      <li>El consentimiento del interesado (art. 6.1.a RGPD), en el caso de comunicaciones enviadas por correo electr\u00f3nico, publicaci\u00f3n de comentarios y aceptaci\u00f3n de cookies anal\u00edticas.<\/li>\n                      <li>El inter\u00e9s leg\u00edtimo del responsable (art. 6.1.f RGPD) para garantizar la seguridad del sitio web y prevenir el uso fraudulento o abusivo del sistema de comentarios.<\/li>\n                    <\/ul>\n                    <h4>5. Comentarios en el blog<\/h4>\n                    <p>Cuando los usuarios dejan comentarios en el blog, se recogen los datos mostrados en el formulario de comentarios, as\u00ed como la direcci\u00f3n IP del visitante y la cadena de agentes de usuario del navegador, con el fin de ayudar a la detecci\u00f3n\n                      de spam.<\/p>\n                    <p>Una cadena anonimizada creada a partir de la direcci\u00f3n de correo electr\u00f3nico (hash) puede ser proporcionada al servicio Gravatar para verificar si el usuario lo est\u00e1 utilizando. La pol\u00edtica de privacidad de Gravatar est\u00e1 disponible\n                      en:\n                      <a href=\"https:\/\/automattic.com\/privacy\" target=\"_new\" rel=\"noopener\" class=\"customize-unpreviewable\">https:\/\/automattic.com\/privacy\/<\/a>\n                    <\/p>\n                    <p>Tras la aprobaci\u00f3n del comentario, la imagen de perfil ser\u00e1 visible p\u00fablicamente junto con el comentario.<\/p>\n                    <p>Los comentarios y sus metadatos se conservan indefinidamente con el fin de reconocer y aprobar autom\u00e1ticamente comentarios posteriores, salvo que el interesado solicite su supresi\u00f3n.<\/p>\n                    <p>Este sitio puede utilizar servicios automatizados de detecci\u00f3n de spam, como Akismet (servicio prestado por Automattic Inc.), lo que puede implicar la transmisi\u00f3n de datos a servidores ubicados fuera del Espacio Econ\u00f3mico Europeo conforme\n                      a los mecanismos legales previstos en la normativa aplicable.<\/p>\n                    <h4>6. Conservaci\u00f3n de los datos<\/h4>\n                    <p>Los datos personales se conservar\u00e1n:<\/p>\n                    <ul>\n                      <li>Mientras sean necesarios para atender la finalidad para la que fueron recogidos.<\/li>\n                      <li>Durante los plazos legalmente exigibles.<\/li>\n                      <li>En el caso de cookies anal\u00edticas, conforme a la configuraci\u00f3n de retenci\u00f3n establecida en Google Analytics.<\/li>\n                    <\/ul>\n                    <h4>7. Destinatarios y transferencias internacionales<\/h4>\n                    <p>No se ceder\u00e1n datos personales a terceros salvo obligaci\u00f3n legal.<\/p>\n                    <p>Este sitio utiliza Google Analytics, servicio prestado por Google LLC, que puede implicar transferencias internacionales de datos fuera del Espacio Econ\u00f3mico Europeo. Dichas transferencias se realizan conforme a los mecanismos legales\n                      previstos en la normativa aplicable.<\/p>\n                    <h4>8. Derechos de los interesados<\/h4>\n                    <p>El usuario puede ejercer los siguientes derechos:<\/p>\n                    <ul>\n                      <li>Acceso<\/li>\n                      <li>Rectificaci\u00f3n<\/li>\n                      <li>Supresi\u00f3n<\/li>\n                      <li>Oposici\u00f3n<\/li>\n                      <li>Limitaci\u00f3n del tratamiento<\/li>\n                      <li>Portabilidad de los datos<\/li>\n                      <li>Retirada del consentimiento en cualquier momento<\/li>\n                    <\/ul>\n                    <p>Para ello puede enviar una solicitud a: <strong rel=\"noopener\">privacy@anisopter.com<\/strong><\/p>\n                    <p>Asimismo, tiene derecho a presentar reclamaci\u00f3n ante la Agencia Espa\u00f1ola de Protecci\u00f3n de Datos (\n                      <a href=\"http:\/\/www.aepd.es\" target=\"_new\" rel=\"noopener\" class=\"customize-unpreviewable\">www.aepd.es<\/a>).<\/p>\n                    <h4>9. Seguridad<\/h4>\n                    <p>Anisopter Insightful Research, S.L. adopta las medidas t\u00e9cnicas y organizativas adecuadas para garantizar la seguridad y confidencialidad de los datos personales.<\/p>\n                    <h4>10. Modificaciones<\/h4>\n                    <p>Anisopter Insightful Research, S.L. se reserva el derecho a modificar la presente Pol\u00edtica de Privacidad para adaptarla a novedades legislativas o jurisprudenciales.<\/p>\n                  <\/div>\n                <\/div>\n              <\/div>\n            <\/div>\n          <\/div>\n        <\/div>\n      <\/div>\n    <\/div>\n  <\/div>\n<\/div>","protected":false},"excerpt":{"rendered":"<p>POL\u00cdTICA DE PRIVACIDAD 1. Responsable del tratamiento En cumplimiento del Reglamento (UE) 2016\/679 (RGPD) y de la Ley Org\u00e1nica 3\/2018 (LOPDGDD), se informa de que el responsable del tratamiento de los datos personales recogidos a trav\u00e9s de este sitio web es: Anisopter Insightful Research, S.L. CIF: ESB16852139 Domicilio: C\/ Diversidad 1, 4, 3A, 28922 Alcorc\u00f3n [&hellip;]<\/p>\n","protected":false},"author":2,"featured_media":0,"parent":0,"menu_order":0,"comment_status":"closed","ping_status":"closed","template":"page-templates\/full-width-page.php","meta":{"footnotes":""},"class_list":["post-3","page","type-page","status-publish","hentry"],"aioseo_notices":[],"_links":{"self":[{"href":"https:\/\/anisopter.com\/es\/wp-json\/wp\/v2\/pages\/3","targetHints":{"allow":["GET"]}}],"collection":[{"href":"https:\/\/anisopter.com\/es\/wp-json\/wp\/v2\/pages"}],"about":[{"href":"https:\/\/anisopter.com\/es\/wp-json\/wp\/v2\/types\/page"}],"author":[{"embeddable":true,"href":"https:\/\/anisopter.com\/es\/wp-json\/wp\/v2\/users\/2"}],"replies":[{"embeddable":true,"href":"https:\/\/anisopter.com\/es\/wp-json\/wp\/v2\/comments?post=3"}],"version-history":[{"count":9,"href":"https:\/\/anisopter.com\/es\/wp-json\/wp\/v2\/pages\/3\/revisions"}],"predecessor-version":[{"id":9678,"href":"https:\/\/anisopter.com\/es\/wp-json\/wp\/v2\/pages\/3\/revisions\/9678"}],"wp:attachment":[{"href":"https:\/\/anisopter.com\/es\/wp-json\/wp\/v2\/media?parent=3"}],"curies":[{"name":"wp","href":"https:\/\/api.w.org\/{rel}","templated":true}]}}