{"id":3050,"date":"2023-06-14T10:33:58","date_gmt":"2023-06-14T10:33:58","guid":{"rendered":"https:\/\/anisopter.com\/?page_id=3050"},"modified":"2024-11-05T09:31:43","modified_gmt":"2024-11-05T09:31:43","slug":"galeria","status":"publish","type":"page","link":"https:\/\/anisopter.com\/es\/galeria\/","title":{"rendered":"Galer\u00eda"},"content":{"rendered":"<div data-colibri-id=\"3050-c1\" class=\"style-1100 style-local-3050-c1 position-relative\">\r\n  <!---->\r\n  <div data-colibri-component=\"section\" data-colibri-id=\"3050-c2\" id=\"custom\" class=\"h-section h-section-global-spacing d-flex align-items-lg-center align-items-md-center align-items-center style-1101 style-local-3050-c2 position-relative\">\r\n    <!---->\r\n    <!---->\r\n    <div class=\"h-section-grid-container h-section-fluid-container\">\r\n      <!---->\r\n      <div data-colibri-id=\"3050-c3\" class=\"h-row-container gutters-row-lg-2 gutters-row-md-2 gutters-row-0 gutters-row-v-lg-2 gutters-row-v-md-2 gutters-row-v-2 style-1102 style-local-3050-c3 position-relative\">\r\n        <!---->\r\n        <div class=\"h-row justify-content-lg-center justify-content-md-center justify-content-center align-items-lg-stretch align-items-md-stretch align-items-stretch gutters-col-lg-2 gutters-col-md-2 gutters-col-0 gutters-col-v-lg-2 gutters-col-v-md-2 gutters-col-v-2\">\r\n          <!---->\r\n          <div class=\"h-column h-column-container d-flex h-col-lg-auto h-col-md-auto h-col-auto style-1103-outer style-local-3050-c4-outer\">\r\n            <div data-colibri-id=\"3050-c4\" class=\"d-flex h-flex-basis h-column__inner h-px-lg-2 h-px-md-2 h-px-2 v-inner-lg-2 v-inner-md-2 v-inner-2 style-1103 style-local-3050-c4 position-relative\">\r\n              <!---->\r\n              <!---->\r\n              <div class=\"w-100 h-y-container h-column__content h-column__v-align flex-basis-100 align-self-lg-start align-self-md-start align-self-start\">\r\n                <!---->\r\n                <div data-colibri-id=\"3050-c5\" class=\"h-row-container gutters-row-lg-2 gutters-row-md-2 gutters-row-0 gutters-row-v-lg-2 gutters-row-v-md-2 gutters-row-v-2 style-1104 style-local-3050-c5 position-relative\">\r\n                  <!---->\r\n                  <div class=\"h-row justify-content-lg-center justify-content-md-center justify-content-center align-items-lg-stretch align-items-md-stretch align-items-stretch gutters-col-lg-2 gutters-col-md-2 gutters-col-0 gutters-col-v-lg-2 gutters-col-v-md-2 gutters-col-v-2\">\r\n                    <!---->\r\n                    <div class=\"h-column h-column-container d-flex h-col-lg-auto h-col-md-auto h-col-auto style-1105-outer style-local-3050-c6-outer\">\r\n                      <div data-colibri-id=\"3050-c6\" class=\"d-flex h-flex-basis h-column__inner h-px-lg-2 h-px-md-2 h-px-2 v-inner-lg-2 v-inner-md-2 v-inner-2 style-1105 style-local-3050-c6 position-relative\">\r\n                        <!---->\r\n                        <!---->\r\n                        <div class=\"w-100 h-y-container h-column__content h-column__v-align flex-basis-100 align-self-lg-start align-self-md-start align-self-start\">\r\n                          <!---->\r\n                          <div data-colibri-id=\"3050-c7\" class=\"d-block style-1113 style-local-3050-c7 position-relative h-element\">\r\n                            <!---->\r\n                            <div class=\"h-image__frame-container-outer\">\r\n                              <div class=\"h-image__frame-container\">\r\n                                <!---->\r\n                                <!---->\r\n                                <img loading=\"lazy\" decoding=\"async\" width=\"1707\" height=\"1707\" src=\"https:\/\/anisopter.com\/wp-content\/uploads\/2023\/05\/cropped-pexels-jakub-novacek-924824-scaled-1.jpg\" class=\"wp-image-3107 style-1113-image style-local-3050-c7-image\" alt=\"\" srcset=\"https:\/\/anisopter.com\/wp-content\/uploads\/2023\/05\/cropped-pexels-jakub-novacek-924824-scaled-1.jpg 1707w, https:\/\/anisopter.com\/wp-content\/uploads\/2023\/05\/cropped-pexels-jakub-novacek-924824-scaled-1-300x300.jpg 300w, https:\/\/anisopter.com\/wp-content\/uploads\/2023\/05\/cropped-pexels-jakub-novacek-924824-scaled-1-1024x1024.jpg 1024w, https:\/\/anisopter.com\/wp-content\/uploads\/2023\/05\/cropped-pexels-jakub-novacek-924824-scaled-1-150x150.jpg 150w, https:\/\/anisopter.com\/wp-content\/uploads\/2023\/05\/cropped-pexels-jakub-novacek-924824-scaled-1-768x768.jpg 768w, https:\/\/anisopter.com\/wp-content\/uploads\/2023\/05\/cropped-pexels-jakub-novacek-924824-scaled-1-1536x1536.jpg 1536w\" sizes=\"auto, (max-width: 1707px) 100vw, 1707px\" \/>\r\n                                <div class=\"h-image__frame h-hide-lg h-hide-md h-hide-sm style-1113-frameImage style-local-3050-c7-frameImage\"><\/div>\r\n                              <\/div>\r\n                            <\/div>\r\n                          <\/div>\r\n                          <div data-colibri-id=\"3050-c26\" class=\"h-text h-text-component style-1212 style-local-3050-c26 position-relative h-element\">\r\n                            <!---->\r\n                            <!---->\r\n                            <div class=\"\">\r\n                              <p>Descripci\u00f3n corta 1<\/p>\r\n                            <\/div>\r\n                          <\/div>\r\n                        <\/div>\r\n                      <\/div>\r\n                    <\/div>\r\n                    <div class=\"h-column h-column-container d-flex h-col-lg-auto h-col-md-auto h-col-auto style-1106-outer style-local-3050-c8-outer\">\r\n                      <div data-colibri-id=\"3050-c8\" class=\"d-flex h-flex-basis h-column__inner h-px-lg-2 h-px-md-2 h-px-2 v-inner-lg-2 v-inner-md-2 v-inner-2 style-1106 style-local-3050-c8 position-relative\">\r\n                        <!---->\r\n                        <!---->\r\n                        <div class=\"w-100 h-y-container h-column__content h-column__v-align flex-basis-100 align-self-lg-start align-self-md-start align-self-start\">\r\n                          <!---->\r\n                          <div data-colibri-id=\"3050-c9\" class=\"d-block style-1114 style-local-3050-c9 position-relative h-element\">\r\n                            <!---->\r\n                            <div class=\"h-image__frame-container-outer\">\r\n                              <div class=\"h-image__frame-container\">\r\n                                <!---->\r\n                                <!---->\r\n                                <img loading=\"lazy\" decoding=\"async\" width=\"1745\" height=\"1745\" src=\"https:\/\/anisopter.com\/wp-content\/uploads\/2023\/05\/cropped-pexels-pixabay-76969-scaled-1.jpg\" class=\"wp-image-3108 style-1114-image style-local-3050-c9-image\" alt=\"\" srcset=\"https:\/\/anisopter.com\/wp-content\/uploads\/2023\/05\/cropped-pexels-pixabay-76969-scaled-1.jpg 1745w, https:\/\/anisopter.com\/wp-content\/uploads\/2023\/05\/cropped-pexels-pixabay-76969-scaled-1-300x300.jpg 300w, https:\/\/anisopter.com\/wp-content\/uploads\/2023\/05\/cropped-pexels-pixabay-76969-scaled-1-1024x1024.jpg 1024w, https:\/\/anisopter.com\/wp-content\/uploads\/2023\/05\/cropped-pexels-pixabay-76969-scaled-1-150x150.jpg 150w, https:\/\/anisopter.com\/wp-content\/uploads\/2023\/05\/cropped-pexels-pixabay-76969-scaled-1-768x768.jpg 768w, https:\/\/anisopter.com\/wp-content\/uploads\/2023\/05\/cropped-pexels-pixabay-76969-scaled-1-1536x1536.jpg 1536w\" sizes=\"auto, (max-width: 1745px) 100vw, 1745px\" \/>\r\n                                <div class=\"h-image__frame h-hide-lg h-hide-md h-hide-sm style-1114-frameImage style-local-3050-c9-frameImage\"><\/div>\r\n                              <\/div>\r\n                            <\/div>\r\n                          <\/div>\r\n                          <div data-colibri-id=\"3050-c27\" class=\"h-text h-text-component style-1213 style-local-3050-c27 position-relative h-element\">\r\n                            <!---->\r\n                            <!---->\r\n                            <div class=\"\">\r\n                              <p>Descripci\u00f3n corta 2<\/p>\r\n                            <\/div>\r\n                          <\/div>\r\n                        <\/div>\r\n                      <\/div>\r\n                    <\/div>\r\n                  <\/div>\r\n                <\/div>\r\n              <\/div>\r\n            <\/div>\r\n          <\/div>\r\n        <\/div>\r\n      <\/div>\r\n    <\/div>\r\n  <\/div>\r\n  <div data-colibri-component=\"section\" data-colibri-id=\"3050-c10\" id=\"custom-2\" class=\"h-section h-section-global-spacing d-flex align-items-lg-center align-items-md-center align-items-center style-1107 style-local-3050-c10 position-relative\">\r\n    <!---->\r\n    <!---->\r\n    <div class=\"h-section-grid-container h-section-fluid-container\">\r\n      <!---->\r\n      <div data-colibri-id=\"3050-c11\" class=\"h-row-container gutters-row-lg-0 gutters-row-md-0 gutters-row-0 gutters-row-v-lg-0 gutters-row-v-md-0 gutters-row-v-0 style-1108 style-local-3050-c11 position-relative\">\r\n        <!---->\r\n        <div class=\"h-row justify-content-lg-center justify-content-md-center justify-content-center align-items-lg-stretch align-items-md-stretch align-items-stretch gutters-col-lg-0 gutters-col-md-0 gutters-col-0 gutters-col-v-lg-0 gutters-col-v-md-0 gutters-col-v-0\">\r\n          <!---->\r\n          <div class=\"h-column h-column-container d-flex h-col-lg-auto h-col-md-auto h-col-auto style-1109-outer style-local-3050-c12-outer\">\r\n            <div data-colibri-id=\"3050-c12\" class=\"d-flex h-flex-basis h-column__inner h-px-lg-0 h-px-md-0 h-px-0 v-inner-lg-0 v-inner-md-0 v-inner-0 style-1109 style-local-3050-c12 position-relative\">\r\n              <!---->\r\n              <!---->\r\n              <div class=\"w-100 h-y-container h-column__content h-column__v-align flex-basis-100 align-self-lg-start align-self-md-start align-self-start\">\r\n                <!---->\r\n                <div data-colibri-id=\"3050-c13\" class=\"h-row-container gutters-row-lg-2 gutters-row-md-2 gutters-row-0 gutters-row-v-lg-2 gutters-row-v-md-2 gutters-row-v-2 style-1110 style-local-3050-c13 position-relative\">\r\n                  <!---->\r\n                  <div class=\"h-row justify-content-lg-center justify-content-md-center justify-content-center align-items-lg-stretch align-items-md-stretch align-items-stretch gutters-col-lg-2 gutters-col-md-2 gutters-col-0 gutters-col-v-lg-2 gutters-col-v-md-2 gutters-col-v-2\">\r\n                    <!---->\r\n                    <div class=\"h-column h-column-container d-flex h-col-lg-auto h-col-md-auto h-col-auto style-1111-outer style-local-3050-c14-outer\">\r\n                      <div data-colibri-id=\"3050-c14\" class=\"d-flex h-flex-basis h-column__inner h-px-lg-2 h-px-md-2 h-px-2 v-inner-lg-2 v-inner-md-2 v-inner-2 style-1111 style-local-3050-c14 position-relative\">\r\n                        <!---->\r\n                        <!---->\r\n                        <div class=\"w-100 h-y-container h-column__content h-column__v-align flex-basis-100 align-self-lg-start align-self-md-start align-self-start\">\r\n                          <!---->\r\n                          <div data-colibri-id=\"3050-c15\" class=\"d-block style-1115 style-local-3050-c15 position-relative h-element\">\r\n                            <!---->\r\n                            <div class=\"h-image__frame-container-outer\">\r\n                              <div class=\"h-image__frame-container\">\r\n                                <!---->\r\n                                <!---->\r\n                                <img loading=\"lazy\" decoding=\"async\" width=\"1707\" height=\"1707\" src=\"https:\/\/anisopter.com\/wp-content\/uploads\/2023\/05\/cropped-cropped-pexels-spacex-23764-scaled-1.jpg\" class=\"wp-image-3109 style-1115-image style-local-3050-c15-image\" alt=\"\" srcset=\"https:\/\/anisopter.com\/wp-content\/uploads\/2023\/05\/cropped-cropped-pexels-spacex-23764-scaled-1.jpg 1707w, https:\/\/anisopter.com\/wp-content\/uploads\/2023\/05\/cropped-cropped-pexels-spacex-23764-scaled-1-300x300.jpg 300w, https:\/\/anisopter.com\/wp-content\/uploads\/2023\/05\/cropped-cropped-pexels-spacex-23764-scaled-1-1024x1024.jpg 1024w, https:\/\/anisopter.com\/wp-content\/uploads\/2023\/05\/cropped-cropped-pexels-spacex-23764-scaled-1-150x150.jpg 150w, https:\/\/anisopter.com\/wp-content\/uploads\/2023\/05\/cropped-cropped-pexels-spacex-23764-scaled-1-768x768.jpg 768w, https:\/\/anisopter.com\/wp-content\/uploads\/2023\/05\/cropped-cropped-pexels-spacex-23764-scaled-1-1536x1536.jpg 1536w\" sizes=\"auto, (max-width: 1707px) 100vw, 1707px\" \/>\r\n                                <div class=\"h-image__frame h-hide-lg h-hide-md h-hide-sm style-1115-frameImage style-local-3050-c15-frameImage\"><\/div>\r\n                              <\/div>\r\n                            <\/div>\r\n                          <\/div>\r\n                          <div data-colibri-id=\"3050-c28\" class=\"h-text h-text-component style-1214 style-local-3050-c28 position-relative h-element\">\r\n                            <!---->\r\n                            <!---->\r\n                            <div class=\"\">\r\n                              <p>Descripci\u00f3n corta 3<\/p>\r\n                            <\/div>\r\n                          <\/div>\r\n                        <\/div>\r\n                      <\/div>\r\n                    <\/div>\r\n                    <div class=\"h-column h-column-container d-flex h-col-lg-auto h-col-md-auto h-col-auto style-1112-outer style-local-3050-c16-outer\">\r\n                      <div data-colibri-id=\"3050-c16\" class=\"d-flex h-flex-basis h-column__inner h-px-lg-2 h-px-md-2 h-px-2 v-inner-lg-2 v-inner-md-2 v-inner-2 style-1112 style-local-3050-c16 position-relative\">\r\n                        <!---->\r\n                        <!---->\r\n                        <div class=\"w-100 h-y-container h-column__content h-column__v-align flex-basis-100 align-self-lg-start align-self-md-start align-self-start\">\r\n                          <!---->\r\n                          <div data-colibri-id=\"3050-c17\" class=\"d-block style-1116 style-local-3050-c17 position-relative h-element\">\r\n                            <!---->\r\n                            <div class=\"h-image__frame-container-outer\">\r\n                              <div class=\"h-image__frame-container\">\r\n                                <!---->\r\n                                <!---->\r\n                                <img loading=\"lazy\" decoding=\"async\" width=\"1706\" height=\"1706\" src=\"https:\/\/anisopter.com\/wp-content\/uploads\/2023\/06\/cropped-pexels-edvin-richardson-796206-scaled-1.jpg\" class=\"wp-image-3110 style-1116-image style-local-3050-c17-image\" alt=\"\" srcset=\"https:\/\/anisopter.com\/wp-content\/uploads\/2023\/06\/cropped-pexels-edvin-richardson-796206-scaled-1.jpg 1706w, https:\/\/anisopter.com\/wp-content\/uploads\/2023\/06\/cropped-pexels-edvin-richardson-796206-scaled-1-300x300.jpg 300w, https:\/\/anisopter.com\/wp-content\/uploads\/2023\/06\/cropped-pexels-edvin-richardson-796206-scaled-1-1024x1024.jpg 1024w, https:\/\/anisopter.com\/wp-content\/uploads\/2023\/06\/cropped-pexels-edvin-richardson-796206-scaled-1-150x150.jpg 150w, https:\/\/anisopter.com\/wp-content\/uploads\/2023\/06\/cropped-pexels-edvin-richardson-796206-scaled-1-768x768.jpg 768w, https:\/\/anisopter.com\/wp-content\/uploads\/2023\/06\/cropped-pexels-edvin-richardson-796206-scaled-1-1536x1536.jpg 1536w\" sizes=\"auto, (max-width: 1706px) 100vw, 1706px\" \/>\r\n                                <div class=\"h-image__frame h-hide-lg h-hide-md h-hide-sm style-1116-frameImage style-local-3050-c17-frameImage\"><\/div>\r\n                              <\/div>\r\n                            <\/div>\r\n                          <\/div>\r\n                          <div data-colibri-id=\"3050-c29\" class=\"h-text h-text-component style-1215 style-local-3050-c29 position-relative h-element\">\r\n                            <!---->\r\n                            <!---->\r\n                            <div class=\"\">\r\n                              <p>Descripci\u00f3n corta 4<\/p>\r\n                            <\/div>\r\n                          <\/div>\r\n                        <\/div>\r\n                      <\/div>\r\n                    <\/div>\r\n                  <\/div>\r\n                <\/div>\r\n              <\/div>\r\n            <\/div>\r\n          <\/div>\r\n        <\/div>\r\n      <\/div>\r\n    <\/div>\r\n  <\/div>\r\n  <div data-colibri-component=\"section\" data-colibri-id=\"3050-c18\" id=\"custom-3\" class=\"h-section h-section-global-spacing d-flex align-items-lg-center align-items-md-center align-items-center style-1117 style-local-3050-c18 position-relative\">\r\n    <!---->\r\n    <!---->\r\n    <div class=\"h-section-grid-container h-section-fluid-container\">\r\n      <!---->\r\n      <div data-colibri-id=\"3050-c19\" class=\"h-row-container gutters-row-lg-2 gutters-row-md-2 gutters-row-0 gutters-row-v-lg-2 gutters-row-v-md-2 gutters-row-v-2 style-1118 style-local-3050-c19 position-relative\">\r\n        <!---->\r\n        <div class=\"h-row justify-content-lg-center justify-content-md-center justify-content-center align-items-lg-stretch align-items-md-stretch align-items-stretch gutters-col-lg-2 gutters-col-md-2 gutters-col-0 gutters-col-v-lg-2 gutters-col-v-md-2 gutters-col-v-2\">\r\n          <!---->\r\n          <div class=\"h-column h-column-container d-flex h-col-lg-auto h-col-md-auto h-col-auto style-1119-outer style-local-3050-c20-outer\">\r\n            <div data-colibri-id=\"3050-c20\" class=\"d-flex h-flex-basis h-column__inner h-px-lg-2 h-px-md-2 h-px-2 v-inner-lg-2 v-inner-md-2 v-inner-2 style-1119 style-local-3050-c20 position-relative\">\r\n              <!---->\r\n              <!---->\r\n              <div class=\"w-100 h-y-container h-column__content h-column__v-align flex-basis-100 align-self-lg-start align-self-md-start align-self-start\">\r\n                <!---->\r\n                <div data-colibri-id=\"3050-c21\" class=\"h-row-container gutters-row-lg-2 gutters-row-md-2 gutters-row-0 gutters-row-v-lg-2 gutters-row-v-md-2 gutters-row-v-2 style-1120 style-local-3050-c21 position-relative\">\r\n                  <!---->\r\n                  <div class=\"h-row justify-content-lg-center justify-content-md-center justify-content-center align-items-lg-stretch align-items-md-stretch align-items-stretch gutters-col-lg-2 gutters-col-md-2 gutters-col-0 gutters-col-v-lg-2 gutters-col-v-md-2 gutters-col-v-2\">\r\n                    <!---->\r\n                    <div class=\"h-column h-column-container d-flex h-col-lg-auto h-col-md-auto h-col-auto style-1121-outer style-local-3050-c22-outer\">\r\n                      <div data-colibri-id=\"3050-c22\" class=\"d-flex h-flex-basis h-column__inner h-px-lg-2 h-px-md-2 h-px-2 v-inner-lg-2 v-inner-md-2 v-inner-2 style-1121 style-local-3050-c22 position-relative\">\r\n                        <!---->\r\n                        <!---->\r\n                        <div class=\"w-100 h-y-container h-column__content h-column__v-align flex-basis-100 align-self-lg-start align-self-md-start align-self-start\">\r\n                          <!---->\r\n                          <div data-colibri-id=\"3050-c23\" class=\"d-block style-1123 style-local-3050-c23 position-relative h-element\">\r\n                            <!---->\r\n                            <div class=\"h-image__frame-container-outer\">\r\n                              <div class=\"h-image__frame-container\">\r\n                                <!---->\r\n                                <!---->\r\n                                <img loading=\"lazy\" decoding=\"async\" width=\"1707\" height=\"1707\" src=\"https:\/\/anisopter.com\/wp-content\/uploads\/2023\/06\/cropped-pexels-brett-sayles-918986-scaled-1.jpg\" class=\"wp-image-3111 style-1123-image style-local-3050-c23-image\" alt=\"\" srcset=\"https:\/\/anisopter.com\/wp-content\/uploads\/2023\/06\/cropped-pexels-brett-sayles-918986-scaled-1.jpg 1707w, https:\/\/anisopter.com\/wp-content\/uploads\/2023\/06\/cropped-pexels-brett-sayles-918986-scaled-1-300x300.jpg 300w, https:\/\/anisopter.com\/wp-content\/uploads\/2023\/06\/cropped-pexels-brett-sayles-918986-scaled-1-1024x1024.jpg 1024w, https:\/\/anisopter.com\/wp-content\/uploads\/2023\/06\/cropped-pexels-brett-sayles-918986-scaled-1-150x150.jpg 150w, https:\/\/anisopter.com\/wp-content\/uploads\/2023\/06\/cropped-pexels-brett-sayles-918986-scaled-1-768x768.jpg 768w, https:\/\/anisopter.com\/wp-content\/uploads\/2023\/06\/cropped-pexels-brett-sayles-918986-scaled-1-1536x1536.jpg 1536w\" sizes=\"auto, (max-width: 1707px) 100vw, 1707px\" \/>\r\n                                <div class=\"h-image__frame h-hide-lg h-hide-md h-hide-sm style-1123-frameImage style-local-3050-c23-frameImage\"><\/div>\r\n                              <\/div>\r\n                            <\/div>\r\n                          <\/div>\r\n                          <div data-colibri-id=\"3050-c30\" class=\"h-text h-text-component style-1216 style-local-3050-c30 position-relative h-element\">\r\n                            <!---->\r\n                            <!---->\r\n                            <div class=\"\">\r\n                              <p>Descripci\u00f3n corta 5<\/p>\r\n                            <\/div>\r\n                          <\/div>\r\n                        <\/div>\r\n                      <\/div>\r\n                    <\/div>\r\n                    <div class=\"h-column h-column-container d-flex h-col-lg-auto h-col-md-auto h-col-auto style-1122-outer style-local-3050-c24-outer\">\r\n                      <div data-colibri-id=\"3050-c24\" class=\"d-flex h-flex-basis h-column__inner h-px-lg-2 h-px-md-2 h-px-2 v-inner-lg-2 v-inner-md-2 v-inner-2 style-1122 style-local-3050-c24 position-relative\">\r\n                        <!---->\r\n                        <!---->\r\n                        <div class=\"w-100 h-y-container h-column__content h-column__v-align flex-basis-100 align-self-lg-start align-self-md-start align-self-start\">\r\n                          <!---->\r\n                          <div data-colibri-id=\"3050-c25\" class=\"d-block style-1124 style-local-3050-c25 position-relative h-element\">\r\n                            <!---->\r\n                            <div class=\"h-image__frame-container-outer\">\r\n                              <div class=\"h-image__frame-container\">\r\n                                <!---->\r\n                                <!---->\r\n                                <img loading=\"lazy\" decoding=\"async\" width=\"1022\" height=\"1022\" src=\"https:\/\/anisopter.com\/wp-content\/uploads\/2023\/06\/cropped-pexels-pixabay-34521.jpg\" class=\"wp-image-3112 style-1124-image style-local-3050-c25-image\" alt=\"\" srcset=\"https:\/\/anisopter.com\/wp-content\/uploads\/2023\/06\/cropped-pexels-pixabay-34521.jpg 1022w, https:\/\/anisopter.com\/wp-content\/uploads\/2023\/06\/cropped-pexels-pixabay-34521-300x300.jpg 300w, https:\/\/anisopter.com\/wp-content\/uploads\/2023\/06\/cropped-pexels-pixabay-34521-150x150.jpg 150w, https:\/\/anisopter.com\/wp-content\/uploads\/2023\/06\/cropped-pexels-pixabay-34521-768x768.jpg 768w\" sizes=\"auto, (max-width: 1022px) 100vw, 1022px\" \/>\r\n                                <div class=\"h-image__frame h-hide-lg h-hide-md h-hide-sm style-1124-frameImage style-local-3050-c25-frameImage\"><\/div>\r\n                              <\/div>\r\n                            <\/div>\r\n                          <\/div>\r\n                          <div data-colibri-id=\"3050-c31\" class=\"h-text h-text-component style-1217 style-local-3050-c31 position-relative h-element\">\r\n                            <!---->\r\n                            <!---->\r\n                            <div class=\"\">\r\n                              <p>Descripci\u00f3n corta 6<\/p>\r\n                            <\/div>\r\n                          <\/div>\r\n                        <\/div>\r\n                      <\/div>\r\n                    <\/div>\r\n                  <\/div>\r\n                <\/div>\r\n              <\/div>\r\n            <\/div>\r\n          <\/div>\r\n        <\/div>\r\n      <\/div>\r\n    <\/div>\r\n  <\/div>\r\n<\/div>","protected":false},"excerpt":{"rendered":"<p>Descripci\u00f3n corta 1 Descripci\u00f3n corta 2 Descripci\u00f3n corta 3 Descripci\u00f3n corta 4 Descripci\u00f3n corta 5 Descripci\u00f3n corta 6<\/p>\n","protected":false},"author":2,"featured_media":0,"parent":0,"menu_order":0,"comment_status":"closed","ping_status":"closed","template":"page-templates\/full-width-page.php","meta":{"footnotes":""},"class_list":["post-3050","page","type-page","status-publish","hentry"],"aioseo_notices":[],"_links":{"self":[{"href":"https:\/\/anisopter.com\/es\/wp-json\/wp\/v2\/pages\/3050","targetHints":{"allow":["GET"]}}],"collection":[{"href":"https:\/\/anisopter.com\/es\/wp-json\/wp\/v2\/pages"}],"about":[{"href":"https:\/\/anisopter.com\/es\/wp-json\/wp\/v2\/types\/page"}],"author":[{"embeddable":true,"href":"https:\/\/anisopter.com\/es\/wp-json\/wp\/v2\/users\/2"}],"replies":[{"embeddable":true,"href":"https:\/\/anisopter.com\/es\/wp-json\/wp\/v2\/comments?post=3050"}],"version-history":[{"count":3,"href":"https:\/\/anisopter.com\/es\/wp-json\/wp\/v2\/pages\/3050\/revisions"}],"predecessor-version":[{"id":3216,"href":"https:\/\/anisopter.com\/es\/wp-json\/wp\/v2\/pages\/3050\/revisions\/3216"}],"wp:attachment":[{"href":"https:\/\/anisopter.com\/es\/wp-json\/wp\/v2\/media?parent=3050"}],"curies":[{"name":"wp","href":"https:\/\/api.w.org\/{rel}","templated":true}]}}