{"id":3052,"date":"2023-06-14T10:34:10","date_gmt":"2023-06-14T10:34:10","guid":{"rendered":"https:\/\/anisopter.com\/?page_id=3052"},"modified":"2025-08-15T12:17:27","modified_gmt":"2025-08-15T12:17:27","slug":"faq","status":"publish","type":"page","link":"https:\/\/anisopter.com\/es\/faq\/","title":{"rendered":"FAQ"},"content":{"rendered":"<div data-colibri-id=\"3052-c1\" class=\"style-1135 style-local-3052-c1 position-relative\">\n  <!---->\n  <div data-colibri-component=\"section\" data-colibri-id=\"3052-c2\" id=\"custom\" class=\"h-section h-section-global-spacing d-flex align-items-lg-center align-items-md-center align-items-center style-1136 style-local-3052-c2 position-relative\">\n    <!---->\n    <!---->\n    <div class=\"h-section-grid-container h-section-boxed-container\">\n      <!---->\n      <div data-colibri-id=\"3052-c3\" class=\"h-row-container gutters-row-lg-2 gutters-row-md-2 gutters-row-0 gutters-row-v-lg-2 gutters-row-v-md-2 gutters-row-v-2 style-1137 style-local-3052-c3 position-relative\">\n        <!---->\n        <div class=\"h-row justify-content-lg-center justify-content-md-center justify-content-center align-items-lg-stretch align-items-md-stretch align-items-stretch gutters-col-lg-2 gutters-col-md-2 gutters-col-0 gutters-col-v-lg-2 gutters-col-v-md-2 gutters-col-v-2\">\n          <!---->\n          <div class=\"h-column h-column-container d-flex h-col-lg-auto h-col-md-auto h-col-auto style-1138-outer style-local-3052-c4-outer\">\n            <div data-colibri-id=\"3052-c4\" class=\"d-flex h-flex-basis h-column__inner h-px-lg-2 h-px-md-2 h-px-2 v-inner-lg-2 v-inner-md-2 v-inner-2 style-1138 style-local-3052-c4 position-relative\">\n              <!---->\n              <!---->\n              <div class=\"w-100 h-y-container h-column__content h-column__v-align flex-basis-100 align-self-lg-start align-self-md-start align-self-start\">\n                <!---->\n                <div data-colibri-id=\"3052-c5\" class=\"style-2408 style-local-3052-c5 position-relative h-element\">\n                  <!---->\n                <\/div>\n                <div data-toggle=\"true\" data-is-preview=\"true\" data-colibri-component=\"accordion\" data-colibri-id=\"3052-c6\" class=\"h-accordion style-1152 style-local-3052-c6 position-relative h-element\">\n                  <!---->\n                  <div data-colibri-id=\"3052-c21\" class=\"h-accordion-item h-accordion-item-first-child style-3118 style-local-3052-c21 position-relative h-element\">\n                    <!---->\n                    <a data-open-by-default=\"false\" href=\"#3052-c21\" class=\"h-accordion-item-title d-flex align-items-center h-global-transition\">\n                      <!----><span>\u00bfEstamos abiertos a nuevas colaboraciones?<\/span>\n                      <div class=\"h-accordion-item-title-normal-icon h-accordion-item-title-icon h-accordion-item-title-icon-right\"><span class=\"h-svg-icon\"><!--Icon by Icons8 Line Awesome (https:\/\/icons8.com\/line-awesome)--><svg version=\"1.1\" xmlns=\"http:\/\/www.w3.org\/2000\/svg\" xmlns:xlink=\"http:\/\/www.w3.org\/1999\/xlink\" id=\"plus\" viewBox=\"0 0 512 545.5\"><path d=\"M240 112h32v160h160v32H272v160h-32V304H80v-32h160V112z\"><\/path><\/svg><\/span><\/div>\n                      <div class=\"h-accordion-item-title-active-icon h-accordion-item-title-icon h-accordion-item-title-icon-right\"><span class=\"h-svg-icon\"><!--Icon by Icons8 Line Awesome (https:\/\/icons8.com\/line-awesome)--><svg version=\"1.1\" xmlns=\"http:\/\/www.w3.org\/2000\/svg\" xmlns:xlink=\"http:\/\/www.w3.org\/1999\/xlink\" id=\"minus\" viewBox=\"0 0 512 545.5\"><path d=\"M80 272h352v32H80v-32z\"><\/path><\/svg><\/span><\/div>\n                    <\/a>\n                    <div id=\"3052-c21\" class=\"h-accordion-item-content__container\">\n                      <div class=\"w-100 h-y-container h-accordion-item-content\">\n                        <!---->\n                        <div data-colibri-id=\"3052-c22\" class=\"h-text h-text-component style-3119 style-local-3052-c22 position-relative h-element\">\n                          <!---->\n                          <!---->\n                          <div class=\"\">\n                            <p>S\u00ed. En Anisopter estamos abiertos a colaborar con empresas, centros de investigaci\u00f3n y profesionales que compartan nuestro inter\u00e9s por el desarrollo de soluciones estructurales innovadoras. Si tienes una propuesta o idea de\n                              colaboraci\u00f3n, no dudes en ponerte en contacto con nosotros\n                              <a href=\"https:\/\/anisopter.com\/en\/contacto\">aqu\u00ed<\/a>.<\/p>\n                          <\/div>\n                        <\/div>\n                      <\/div>\n                    <\/div>\n                  <\/div>\n                  <div data-colibri-id=\"3052-c7\" class=\"h-accordion-item style-1153 style-local-3052-c7 position-relative h-element\">\n                    <!---->\n                    <a data-open-by-default=\"false\" href=\"#3052-c7\" class=\"h-accordion-item-title d-flex align-items-center h-global-transition\">\n                      <!----><span>\u00bfQu\u00e9 tecnolog\u00edas ha desarrollado Anisopter para construir estructuras de celos\u00eda tubular de forma eficiente?<\/span>\n                      <div class=\"h-accordion-item-title-normal-icon h-accordion-item-title-icon h-accordion-item-title-icon-right\"><span class=\"h-svg-icon\"><!--Icon by Icons8 Line Awesome (https:\/\/icons8.com\/line-awesome)--><svg version=\"1.1\" xmlns=\"http:\/\/www.w3.org\/2000\/svg\" xmlns:xlink=\"http:\/\/www.w3.org\/1999\/xlink\" id=\"plus\" viewBox=\"0 0 512 545.5\"><path d=\"M240 112h32v160h160v32H272v160h-32V304H80v-32h160V112z\"><\/path><\/svg><\/span><\/div>\n                      <div class=\"h-accordion-item-title-active-icon h-accordion-item-title-icon h-accordion-item-title-icon-right\"><span class=\"h-svg-icon\"><!--Icon by Icons8 Line Awesome (https:\/\/icons8.com\/line-awesome)--><svg version=\"1.1\" xmlns=\"http:\/\/www.w3.org\/2000\/svg\" xmlns:xlink=\"http:\/\/www.w3.org\/1999\/xlink\" id=\"minus\" viewBox=\"0 0 512 545.5\"><path d=\"M80 272h352v32H80v-32z\"><\/path><\/svg><\/span><\/div>\n                    <\/a>\n                    <div id=\"3052-c7\" class=\"h-accordion-item-content__container\">\n                      <div class=\"w-100 h-y-container h-accordion-item-content\">\n                        <!---->\n                        <div data-colibri-id=\"3052-c8\" class=\"h-text h-text-component style-1154 style-local-3052-c8 position-relative h-element\">\n                          <!---->\n                          <!---->\n                          <div class=\"\">\n                            <p>Anisopter ha desarrollado un sistema patentado de uni\u00f3n mediante nodos que permite ensamblar tubos estructurales de forma r\u00e1pida, precisa y con menos recursos en obra. Este sistema est\u00e1 pensado para sustituir las uniones tradicionales\n                              (potencialmente m\u00e1s pesadas, caras y que requieren m\u00e1s soldadura), reduciendo el tiempo de montaje, el peso de la estructura y la cantidad de material utilizado, manteniendo o mejorando el rendimiento estructural.<\/p>\n                          <\/div>\n                        <\/div>\n                      <\/div>\n                    <\/div>\n                  <\/div>\n                  <div data-colibri-id=\"3052-c9\" class=\"h-accordion-item style-1155 style-local-3052-c9 position-relative h-element\">\n                    <!---->\n                    <a data-open-by-default=\"false\" href=\"#3052-c9\" class=\"h-accordion-item-title d-flex align-items-center h-global-transition\">\n                      <!----><span>\u00bfEn qu\u00e9 tipo de proyectos pueden aplicarse las tecnolog\u00edas Anisopter? <\/span>\n                      <div class=\"h-accordion-item-title-normal-icon h-accordion-item-title-icon h-accordion-item-title-icon-right\"><span class=\"h-svg-icon\"><!--Icon by Icons8 Line Awesome (https:\/\/icons8.com\/line-awesome)--><svg version=\"1.1\" xmlns=\"http:\/\/www.w3.org\/2000\/svg\" xmlns:xlink=\"http:\/\/www.w3.org\/1999\/xlink\" id=\"plus\" viewBox=\"0 0 512 545.5\"><path d=\"M240 112h32v160h160v32H272v160h-32V304H80v-32h160V112z\"><\/path><\/svg><\/span><\/div>\n                      <div class=\"h-accordion-item-title-active-icon h-accordion-item-title-icon h-accordion-item-title-icon-right\"><span class=\"h-svg-icon\"><!--Icon by Icons8 Line Awesome (https:\/\/icons8.com\/line-awesome)--><svg version=\"1.1\" xmlns=\"http:\/\/www.w3.org\/2000\/svg\" xmlns:xlink=\"http:\/\/www.w3.org\/1999\/xlink\" id=\"minus\" viewBox=\"0 0 512 545.5\"><path d=\"M80 272h352v32H80v-32z\"><\/path><\/svg><\/span><\/div>\n                    <\/a>\n                    <div id=\"3052-c9\" class=\"h-accordion-item-content__container\">\n                      <div class=\"w-100 h-y-container h-accordion-item-content\">\n                        <!---->\n                        <div data-colibri-id=\"3052-c10\" class=\"h-text h-text-component style-1156 style-local-3052-c10 position-relative h-element\">\n                          <!---->\n                          <!---->\n                          <div class=\"\">\n                            <p>Las soluciones de Anisopter pueden aplicarse a sectores como los de la energ\u00eda, la arquitectura y el espacio. Algunos ejemplos son torres de alta tensi\u00f3n optimizadas, chimeneas solares para generaci\u00f3n de energ\u00eda renovable,\n                              estructuras para sat\u00e9lites y adaptadores de carga \u00fatil para lanzadores espaciales.<\/p>\n                          <\/div>\n                        <\/div>\n                      <\/div>\n                    <\/div>\n                  <\/div>\n                  <div data-colibri-id=\"3052-c11\" class=\"h-accordion-item style-1157 style-local-3052-c11 position-relative h-element\">\n                    <!---->\n                    <a data-open-by-default=\"false\" href=\"#3052-c11\" class=\"h-accordion-item-title d-flex align-items-center h-global-transition\">\n                      <!----><span>\u00bfHay ejemplos culminados o en marcha?<\/span>\n                      <div class=\"h-accordion-item-title-normal-icon h-accordion-item-title-icon h-accordion-item-title-icon-right\"><span class=\"h-svg-icon\"><!--Icon by Icons8 Line Awesome (https:\/\/icons8.com\/line-awesome)--><svg version=\"1.1\" xmlns=\"http:\/\/www.w3.org\/2000\/svg\" xmlns:xlink=\"http:\/\/www.w3.org\/1999\/xlink\" id=\"plus\" viewBox=\"0 0 512 545.5\"><path d=\"M240 112h32v160h160v32H272v160h-32V304H80v-32h160V112z\"><\/path><\/svg><\/span><\/div>\n                      <div class=\"h-accordion-item-title-active-icon h-accordion-item-title-icon h-accordion-item-title-icon-right\"><span class=\"h-svg-icon\"><!--Icon by Icons8 Line Awesome (https:\/\/icons8.com\/line-awesome)--><svg version=\"1.1\" xmlns=\"http:\/\/www.w3.org\/2000\/svg\" xmlns:xlink=\"http:\/\/www.w3.org\/1999\/xlink\" id=\"minus\" viewBox=\"0 0 512 545.5\"><path d=\"M80 272h352v32H80v-32z\"><\/path><\/svg><\/span><\/div>\n                    <\/a>\n                    <div id=\"3052-c11\" class=\"h-accordion-item-content__container\">\n                      <div class=\"w-100 h-y-container h-accordion-item-content\">\n                        <!---->\n                        <div data-colibri-id=\"3052-c12\" class=\"h-text h-text-component style-1158 style-local-3052-c12 position-relative h-element\">\n                          <!---->\n                          <!---->\n                          <div class=\"\">\n                            <p>La empresa Anisopter Insightful Research participa <span style=\"font-weight: 400; font-size: 16px; font-family: Lato; color: rgb(102, 102, 102);\">tanto&nbsp;<\/span>en proyectos piloto como en desarrollos a escala real. A\n                              <span\n                                style=\"color: rgb(102, 102, 102); font-family: Lato; font-size: 16px; font-weight: 400;\">ctualmente destaca su participaci\u00f3n en el desarrollo de un nuevo apoyo (torre) para l\u00edneas de alta tensi\u00f3n (a voltajes de transporte, i.e. 220 &#8211; 400 kV).<\/span>\n                            <\/p>\n                          <\/div>\n                        <\/div>\n                      <\/div>\n                    <\/div>\n                  <\/div>\n                  <div data-colibri-id=\"3052-c13\" class=\"h-accordion-item style-3112 style-local-3052-c13 position-relative h-element\">\n                    <!---->\n                    <a data-open-by-default=\"false\" href=\"#3052-c13\" class=\"h-accordion-item-title d-flex align-items-center h-global-transition\">\n                      <!----><span>\u00bfQu\u00e9 ventajas ofrecen las torres de alta tensi\u00f3n redise\u00f1adas por Anisopter frente a las convencionales?<\/span>\n                      <div class=\"h-accordion-item-title-normal-icon h-accordion-item-title-icon h-accordion-item-title-icon-right\"><span class=\"h-svg-icon\"><!--Icon by Icons8 Line Awesome (https:\/\/icons8.com\/line-awesome)--><svg version=\"1.1\" xmlns=\"http:\/\/www.w3.org\/2000\/svg\" xmlns:xlink=\"http:\/\/www.w3.org\/1999\/xlink\" id=\"plus\" viewBox=\"0 0 512 545.5\"><path d=\"M240 112h32v160h160v32H272v160h-32V304H80v-32h160V112z\"><\/path><\/svg><\/span><\/div>\n                      <div class=\"h-accordion-item-title-active-icon h-accordion-item-title-icon h-accordion-item-title-icon-right\"><span class=\"h-svg-icon\"><!--Icon by Icons8 Line Awesome (https:\/\/icons8.com\/line-awesome)--><svg version=\"1.1\" xmlns=\"http:\/\/www.w3.org\/2000\/svg\" xmlns:xlink=\"http:\/\/www.w3.org\/1999\/xlink\" id=\"minus\" viewBox=\"0 0 512 545.5\"><path d=\"M80 272h352v32H80v-32z\"><\/path><\/svg><\/span><\/div>\n                    <\/a>\n                    <div id=\"3052-c13\" class=\"h-accordion-item-content__container\">\n                      <div class=\"w-100 h-y-container h-accordion-item-content\">\n                        <!---->\n                        <div data-colibri-id=\"3052-c14\" class=\"h-text h-text-component style-3113 style-local-3052-c14 position-relative h-element\">\n                          <!---->\n                          <!---->\n                          <div class=\"\">\n                            <p>Las torres dise\u00f1adas por Anisopter presentan una estructura m\u00e1s compacta y optimizada, con menor impacto visual y ambiental. Gracias a la celos\u00eda tubular y al sistema de nodos, requieren menos material, simplifican el montaje\n                              y facilitan el transporte, todo ello sin comprometer la resistencia ni la durabilidad.<\/p>\n                          <\/div>\n                        <\/div>\n                      <\/div>\n                    <\/div>\n                  <\/div>\n                  <div data-colibri-id=\"3052-c15\" class=\"h-accordion-item style-3114 style-local-3052-c15 position-relative h-element\">\n                    <!---->\n                    <a data-open-by-default=\"false\" href=\"#3052-c15\" class=\"h-accordion-item-title d-flex align-items-center h-global-transition\">\n                      <!----><span>\u00bfLos sistemas de uni\u00f3n Anisopter est\u00e1n protegidos de alguna manera?<\/span>\n                      <div class=\"h-accordion-item-title-normal-icon h-accordion-item-title-icon h-accordion-item-title-icon-right\"><span class=\"h-svg-icon\"><!--Icon by Icons8 Line Awesome (https:\/\/icons8.com\/line-awesome)--><svg version=\"1.1\" xmlns=\"http:\/\/www.w3.org\/2000\/svg\" xmlns:xlink=\"http:\/\/www.w3.org\/1999\/xlink\" id=\"plus\" viewBox=\"0 0 512 545.5\"><path d=\"M240 112h32v160h160v32H272v160h-32V304H80v-32h160V112z\"><\/path><\/svg><\/span><\/div>\n                      <div class=\"h-accordion-item-title-active-icon h-accordion-item-title-icon h-accordion-item-title-icon-right\"><span class=\"h-svg-icon\"><!--Icon by Icons8 Line Awesome (https:\/\/icons8.com\/line-awesome)--><svg version=\"1.1\" xmlns=\"http:\/\/www.w3.org\/2000\/svg\" xmlns:xlink=\"http:\/\/www.w3.org\/1999\/xlink\" id=\"minus\" viewBox=\"0 0 512 545.5\"><path d=\"M80 272h352v32H80v-32z\"><\/path><\/svg><\/span><\/div>\n                    <\/a>\n                    <div id=\"3052-c15\" class=\"h-accordion-item-content__container\">\n                      <div class=\"w-100 h-y-container h-accordion-item-content\">\n                        <!---->\n                        <div data-colibri-id=\"3052-c16\" class=\"h-text h-text-component style-3115 style-local-3052-c16 position-relative h-element\">\n                          <!---->\n                          <!---->\n                          <div class=\"\">\n                            <p>S\u00ed. El sistema de nodos para la uni\u00f3n de tubos estructurales desarrollado por Anisopter est\u00e1 protegido por patente, lo que garantiza su exclusividad y reconoce su car\u00e1cter innovador en el \u00e1mbito de las estructuras modulares.<\/p>\n                          <\/div>\n                        <\/div>\n                      <\/div>\n                    <\/div>\n                  <\/div>\n                  <div data-colibri-id=\"3052-c17\" class=\"h-accordion-item style-3116 style-local-3052-c17 position-relative h-element\">\n                    <!---->\n                    <a data-open-by-default=\"false\" href=\"#3052-c17\" class=\"h-accordion-item-title d-flex align-items-center h-global-transition\">\n                      <!----><span>\u00bfEl nuevo dise\u00f1o de apoyos para l\u00edneas de alta tensi\u00f3n de Anisopter est\u00e1 protegido o registrado?<\/span>\n                      <div class=\"h-accordion-item-title-normal-icon h-accordion-item-title-icon h-accordion-item-title-icon-right\"><span class=\"h-svg-icon\"><!--Icon by Icons8 Line Awesome (https:\/\/icons8.com\/line-awesome)--><svg version=\"1.1\" xmlns=\"http:\/\/www.w3.org\/2000\/svg\" xmlns:xlink=\"http:\/\/www.w3.org\/1999\/xlink\" id=\"plus\" viewBox=\"0 0 512 545.5\"><path d=\"M240 112h32v160h160v32H272v160h-32V304H80v-32h160V112z\"><\/path><\/svg><\/span><\/div>\n                      <div class=\"h-accordion-item-title-active-icon h-accordion-item-title-icon h-accordion-item-title-icon-right\"><span class=\"h-svg-icon\"><!--Icon by Icons8 Line Awesome (https:\/\/icons8.com\/line-awesome)--><svg version=\"1.1\" xmlns=\"http:\/\/www.w3.org\/2000\/svg\" xmlns:xlink=\"http:\/\/www.w3.org\/1999\/xlink\" id=\"minus\" viewBox=\"0 0 512 545.5\"><path d=\"M80 272h352v32H80v-32z\"><\/path><\/svg><\/span><\/div>\n                    <\/a>\n                    <div id=\"3052-c17\" class=\"h-accordion-item-content__container\">\n                      <div class=\"w-100 h-y-container h-accordion-item-content\">\n                        <!---->\n                        <div data-colibri-id=\"3052-c18\" class=\"h-text h-text-component style-3117 style-local-3052-c18 position-relative h-element\">\n                          <!---->\n                          <!---->\n                          <div class=\"\">\n                            <p>S\u00ed. El dise\u00f1o innovador de apoyos para l\u00edneas de alta tensi\u00f3n desarrollado por Anisopter, basado en celos\u00edas tubulares optimizadas y uniones mediante nodos met\u00e1licos, est\u00e1 protegido como propiedad intelectual y como dise\u00f1o\n                              industrial registrado. El nuevo dise\u00f1o aporta mejoras significativas en eficiencia estructural, facilidad de montaje y reducci\u00f3n de impacto ambiental frente a los apoyos convencionales.<\/p>\n                          <\/div>\n                        <\/div>\n                      <\/div>\n                    <\/div>\n                  <\/div>\n                  <div data-colibri-id=\"3052-c19\" class=\"h-accordion-item style-1159 style-local-3052-c19 position-relative h-element\">\n                    <!---->\n                    <a data-open-by-default=\"false\" href=\"#3052-c19\" class=\"h-accordion-item-title d-flex align-items-center h-global-transition\">\n                      <!----><span>\u00bfCu\u00e1l es el enfoque de innovaci\u00f3n que sigue Anisopter?<\/span>\n                      <div class=\"h-accordion-item-title-normal-icon h-accordion-item-title-icon h-accordion-item-title-icon-right\"><span class=\"h-svg-icon\"><!--Icon by Icons8 Line Awesome (https:\/\/icons8.com\/line-awesome)--><svg version=\"1.1\" xmlns=\"http:\/\/www.w3.org\/2000\/svg\" xmlns:xlink=\"http:\/\/www.w3.org\/1999\/xlink\" id=\"plus\" viewBox=\"0 0 512 545.5\"><path d=\"M240 112h32v160h160v32H272v160h-32V304H80v-32h160V112z\"><\/path><\/svg><\/span><\/div>\n                      <div class=\"h-accordion-item-title-active-icon h-accordion-item-title-icon h-accordion-item-title-icon-right\"><span class=\"h-svg-icon\"><!--Icon by Icons8 Line Awesome (https:\/\/icons8.com\/line-awesome)--><svg version=\"1.1\" xmlns=\"http:\/\/www.w3.org\/2000\/svg\" xmlns:xlink=\"http:\/\/www.w3.org\/1999\/xlink\" id=\"minus\" viewBox=\"0 0 512 545.5\"><path d=\"M80 272h352v32H80v-32z\"><\/path><\/svg><\/span><\/div>\n                    <\/a>\n                    <div id=\"3052-c19\" class=\"h-accordion-item-content__container\">\n                      <div class=\"w-100 h-y-container h-accordion-item-content\">\n                        <!---->\n                        <div data-colibri-id=\"3052-c20\" class=\"h-text h-text-component style-1160 style-local-3052-c20 position-relative h-element\">\n                          <!---->\n                          <!---->\n                          <div class=\"\">\n                            <p>Anisopter combina un enfoque multidisciplinar con la filosof\u00eda de \u201cfallar pronto, fallar barato\u201d, lo que permite validar ideas r\u00e1pidamente y optimizar dise\u00f1os antes de su producci\u00f3n. Integra conocimientos de ingenier\u00eda civil,\n                              aeroespacial y mec\u00e1nica para crear soluciones disruptivas que reduzcan costes, impacto ambiental y tiempos de ejecuci\u00f3n.<\/p>\n                          <\/div>\n                        <\/div>\n                      <\/div>\n                    <\/div>\n                  <\/div>\n                <\/div>\n              <\/div>\n            <\/div>\n          <\/div>\n        <\/div>\n      <\/div>\n    <\/div>\n  <\/div>\n<\/div>","protected":false},"excerpt":{"rendered":"<p>\u00bfEstamos abiertos a nuevas colaboraciones? S\u00ed. En Anisopter estamos abiertos a colaborar con empresas, centros de investigaci\u00f3n y profesionales que compartan nuestro inter\u00e9s por el desarrollo de soluciones estructurales innovadoras. Si tienes una propuesta o idea de colaboraci\u00f3n, no dudes en ponerte en contacto con nosotros aqu\u00ed. \u00bfQu\u00e9 tecnolog\u00edas ha desarrollado Anisopter para construir estructuras [&hellip;]<\/p>\n","protected":false},"author":2,"featured_media":0,"parent":0,"menu_order":0,"comment_status":"closed","ping_status":"closed","template":"page-templates\/full-width-page.php","meta":{"footnotes":""},"class_list":["post-3052","page","type-page","status-publish","hentry"],"aioseo_notices":[],"_links":{"self":[{"href":"https:\/\/anisopter.com\/es\/wp-json\/wp\/v2\/pages\/3052","targetHints":{"allow":["GET"]}}],"collection":[{"href":"https:\/\/anisopter.com\/es\/wp-json\/wp\/v2\/pages"}],"about":[{"href":"https:\/\/anisopter.com\/es\/wp-json\/wp\/v2\/types\/page"}],"author":[{"embeddable":true,"href":"https:\/\/anisopter.com\/es\/wp-json\/wp\/v2\/users\/2"}],"replies":[{"embeddable":true,"href":"https:\/\/anisopter.com\/es\/wp-json\/wp\/v2\/comments?post=3052"}],"version-history":[{"count":15,"href":"https:\/\/anisopter.com\/es\/wp-json\/wp\/v2\/pages\/3052\/revisions"}],"predecessor-version":[{"id":9550,"href":"https:\/\/anisopter.com\/es\/wp-json\/wp\/v2\/pages\/3052\/revisions\/9550"}],"wp:attachment":[{"href":"https:\/\/anisopter.com\/es\/wp-json\/wp\/v2\/media?parent=3052"}],"curies":[{"name":"wp","href":"https:\/\/api.w.org\/{rel}","templated":true}]}}