{"id":3882,"date":"2023-09-03T20:55:14","date_gmt":"2023-09-03T20:55:14","guid":{"rendered":"https:\/\/anisopter.com\/document-library\/"},"modified":"2024-08-23T10:05:32","modified_gmt":"2024-08-23T10:05:32","slug":"document-library","status":"publish","type":"page","link":"https:\/\/anisopter.com\/es\/document-library\/","title":{"rendered":"Anisopter Insightful Research, S.L."},"content":{"rendered":"\n<p>Nuestras tecnolog\u00edas est\u00e1n especialmente pensadas para facilitar la construcci\u00f3n de estructuras de celos\u00eda con tubos, tanto en obra como en taller.<\/p>\n\n\n<p>[doc_library]<\/p>\n","protected":false},"excerpt":{"rendered":"<p>Nuestras tecnolog\u00edas est\u00e1n especialmente pensadas para facilitar la construcci\u00f3n de estructuras de celos\u00eda con tubos, tanto en obra como en taller.<\/p>\n","protected":false},"author":2,"featured_media":0,"parent":0,"menu_order":0,"comment_status":"closed","ping_status":"closed","template":"","meta":{"footnotes":""},"class_list":["post-3882","page","type-page","status-publish","hentry"],"aioseo_notices":[],"_links":{"self":[{"href":"https:\/\/anisopter.com\/es\/wp-json\/wp\/v2\/pages\/3882","targetHints":{"allow":["GET"]}}],"collection":[{"href":"https:\/\/anisopter.com\/es\/wp-json\/wp\/v2\/pages"}],"about":[{"href":"https:\/\/anisopter.com\/es\/wp-json\/wp\/v2\/types\/page"}],"author":[{"embeddable":true,"href":"https:\/\/anisopter.com\/es\/wp-json\/wp\/v2\/users\/2"}],"replies":[{"embeddable":true,"href":"https:\/\/anisopter.com\/es\/wp-json\/wp\/v2\/comments?post=3882"}],"version-history":[{"count":3,"href":"https:\/\/anisopter.com\/es\/wp-json\/wp\/v2\/pages\/3882\/revisions"}],"predecessor-version":[{"id":9342,"href":"https:\/\/anisopter.com\/es\/wp-json\/wp\/v2\/pages\/3882\/revisions\/9342"}],"wp:attachment":[{"href":"https:\/\/anisopter.com\/es\/wp-json\/wp\/v2\/media?parent=3882"}],"curies":[{"name":"wp","href":"https:\/\/api.w.org\/{rel}","templated":true}]}}