{"id":4978,"date":"2023-09-10T12:28:49","date_gmt":"2023-09-10T12:28:49","guid":{"rendered":"https:\/\/anisopter.com\/?page_id=4978"},"modified":"2026-02-10T22:19:50","modified_gmt":"2026-02-10T22:19:50","slug":"torre-satelite","status":"publish","type":"page","link":"https:\/\/anisopter.com\/es\/torre-satelite\/","title":{"rendered":"Torre Sat\u00e9lite"},"content":{"rendered":"<div data-colibri-id=\"4978-c1\" class=\"style-1953 style-local-4978-c1 position-relative\">\n  <!---->\n  <div data-colibri-component=\"section\" data-colibri-id=\"4978-c2\" id=\"custom-2\" class=\"h-section h-section-global-spacing d-flex align-items-lg-center align-items-md-center align-items-center style-1954 style-local-4978-c2 position-relative\">\n    <!---->\n    <!---->\n    <div class=\"h-section-grid-container h-section-boxed-container\">\n      <!---->\n      <div data-colibri-id=\"4978-c3\" class=\"h-row-container gutters-row-lg-2 gutters-row-md-2 gutters-row-0 gutters-row-v-lg-2 gutters-row-v-md-2 gutters-row-v-2 style-1955 style-local-4978-c3 position-relative\">\n        <!---->\n        <div class=\"h-row justify-content-lg-center justify-content-md-center justify-content-center align-items-lg-stretch align-items-md-stretch align-items-stretch gutters-col-lg-2 gutters-col-md-2 gutters-col-0 gutters-col-v-lg-2 gutters-col-v-md-2 gutters-col-v-2\">\n          <!---->\n          <div class=\"h-column h-column-container d-flex h-col-lg-auto h-col-md-auto h-col-auto style-1956-outer style-local-4978-c4-outer\">\n            <div data-colibri-id=\"4978-c4\" class=\"d-flex h-flex-basis h-column__inner h-px-lg-2 h-px-md-2 h-px-2 v-inner-lg-2 v-inner-md-2 v-inner-2 style-1956 style-local-4978-c4 position-relative\">\n              <!---->\n              <!---->\n              <div class=\"w-100 h-y-container h-column__content h-column__v-align flex-basis-100 align-self-lg-start align-self-md-start align-self-start\">\n                <!---->\n                <div data-colibri-id=\"4978-c5\" class=\"style-2365 style-local-4978-c5 position-relative h-element\">\n                  <!---->\n                <\/div>\n                <div data-colibri-id=\"4978-c6\" class=\"style-2415 style-local-4978-c6 h-hide-lg h-hide-md position-relative h-element\">\n                  <!---->\n                <\/div>\n                <div data-colibri-id=\"4978-c7\" class=\"h-text h-text-component style-1957 style-local-4978-c7 position-relative h-element\">\n                  <!---->\n                  <!---->\n                  <div class=\"\">\n                    <h4><span style=\"color: rgb(254, 254, 254);\">T<\/span><span style=\"color: rgb(254, 254, 254);\">orre de Sat\u00e9lite<\/span><\/h4>\n                    <p>Una torre de reflector <span style=\"font-weight: 400; font-size: 16px; font-family: Lato; color: rgb(255, 255, 255);\">(<\/span><em style=\"font-weight: 400; font-size: 16px; font-family: Lato; color: rgb(255, 255, 255);\">top floor antena<\/em>\n                      <span\n                        style=\"font-weight: 400; font-size: 16px; font-family: Lato; color: rgb(255, 255, 255);\">)&nbsp;<\/span>es <span style=\"color: rgb(255, 255, 255); font-family: Lato; font-size: 16px; font-weight: 400;\">un elemento estructural de alto rendimiento indispensable para el funcionamiento de algunos sat\u00e9lites de telecomunicaciones&nbsp;modernos (Fig.1).&nbsp;<\/span>Estas\n                        estructuras no s\u00f3lo deben mantener la perfecta orientaci\u00f3n de los reflectores, las gu\u00edas de ondas y los receptores de se\u00f1al en un amplio rango de temperaturas, sino que&nbsp;adem\u00e1s deben soportar las enormes aceleraciones del despegue.<\/p>\n                    <p>Por lo general estas torres se fabrican a partir de planchas de materiales compuestos tipo s\u00e1ndwich o de laminados de fibra de carbono. No obstante, los dise\u00f1os basados en celos\u00edas de tubos de fibra de carbono est\u00e1n cobrando cada vez\n                      m\u00e1s importancia ya que son muy vers\u00e1tiles y suelen alcanzar reducciones de peso considerables (Fig.2).<\/p>\n                  <\/div>\n                <\/div>\n                <div data-colibri-id=\"4978-c8\" class=\"h-row-container gutters-row-lg-2 gutters-row-md-2 gutters-row-0 gutters-row-v-lg-2 gutters-row-v-md-2 gutters-row-v-2 style-1958 style-local-4978-c8 position-relative\">\n                  <!---->\n                  <div class=\"h-row justify-content-lg-center justify-content-md-center justify-content-center align-items-lg-stretch align-items-md-stretch align-items-stretch gutters-col-lg-2 gutters-col-md-2 gutters-col-0 gutters-col-v-lg-2 gutters-col-v-md-2 gutters-col-v-2\">\n                    <!---->\n                    <div class=\"h-column h-column-container d-flex h-col-lg-auto h-col-md-auto h-col-auto style-1959-outer style-local-4978-c9-outer\">\n                      <div data-colibri-id=\"4978-c9\" class=\"d-flex h-flex-basis h-column__inner h-px-lg-2 h-px-md-2 h-px-2 v-inner-lg-2 v-inner-md-2 v-inner-2 style-1959 style-local-4978-c9 position-relative\">\n                        <!---->\n                        <!---->\n                        <div class=\"w-100 h-y-container h-column__content h-column__v-align flex-basis-100 align-self-lg-start align-self-md-start align-self-start\">\n                          <!---->\n                          <div data-colibri-id=\"4978-c10\" class=\"d-block style-1960 style-local-4978-c10 position-relative h-element\">\n                            <!---->\n                            <div class=\"h-image__frame-container-outer\">\n                              <div class=\"h-image__frame-container\">\n                                <!---->\n                                <!---->\n                                <img loading=\"lazy\" decoding=\"async\" width=\"1920\" height=\"1280\" src=\"https:\/\/anisopter.com\/wp-content\/uploads\/2023\/09\/arabsat6b_mistral_0422_high.webp\" class=\"wp-image-5770 style-1960-image style-local-4978-c10-image\" alt=\"ArabSat6B Mistral - Airbus\" srcset=\"https:\/\/anisopter.com\/wp-content\/uploads\/2023\/09\/arabsat6b_mistral_0422_high.webp 1920w, https:\/\/anisopter.com\/wp-content\/uploads\/2023\/09\/arabsat6b_mistral_0422_high-300x200.webp 300w, https:\/\/anisopter.com\/wp-content\/uploads\/2023\/09\/arabsat6b_mistral_0422_high-1024x683.webp 1024w, https:\/\/anisopter.com\/wp-content\/uploads\/2023\/09\/arabsat6b_mistral_0422_high-768x512.webp 768w, https:\/\/anisopter.com\/wp-content\/uploads\/2023\/09\/arabsat6b_mistral_0422_high-1536x1024.webp 1536w\" sizes=\"auto, (max-width: 1920px) 100vw, 1920px\" \/>\n                                <div class=\"h-image__frame h-hide-lg h-hide-md h-hide-sm style-1960-frameImage style-local-4978-c10-frameImage\"><\/div>\n                              <\/div>\n                            <\/div>\n                          <\/div>\n                          <div data-colibri-id=\"4978-c11\" class=\"h-text h-text-component style-1961 style-local-4978-c11 position-relative h-element\">\n                            <!---->\n                            <!---->\n                            <div class=\"\">\n                              <p>Figura 1. Sat\u00e9lite de&nbsp;telecomunicaciones ArabSat-6B con su torre de reflector. Fuente:\n                                <a href=\"https:\/\/www.airbus.com\/en\/space\/telecom\/eurostar-series\" target=\"_blank\" class=\"customize-unpreviewable\" style=\"color: rgb(79, 184, 233);\">Airbus<\/a>\n                              <\/p>\n                            <\/div>\n                          <\/div>\n                        <\/div>\n                      <\/div>\n                    <\/div>\n                    <div class=\"h-column h-column-container d-flex h-col-lg-auto h-col-md-auto h-col-auto style-1959-outer style-local-4978-c12-outer\">\n                      <div data-colibri-id=\"4978-c12\" class=\"d-flex h-flex-basis h-column__inner h-px-lg-2 h-px-md-2 h-px-2 v-inner-lg-2 v-inner-md-2 v-inner-2 style-1959 style-local-4978-c12 position-relative\">\n                        <!---->\n                        <!---->\n                        <div class=\"w-100 h-y-container h-column__content h-column__v-align flex-basis-100 align-self-lg-start align-self-md-start align-self-start\">\n                          <!---->\n                          <div data-colibri-id=\"4978-c13\" class=\"d-block style-1960 style-local-4978-c13 position-relative h-element\">\n                            <!---->\n                            <div class=\"h-image__frame-container-outer\">\n                              <div class=\"h-image__frame-container\">\n                                <!---->\n                                <!---->\n                                <img loading=\"lazy\" decoding=\"async\" width=\"1380\" height=\"525\" src=\"https:\/\/anisopter.com\/wp-content\/uploads\/2023\/09\/EvolucionTorreReflectorSateliteLowRes.png\" class=\"wp-image-5250 style-1960-image style-local-4978-c13-image\" alt=\"\" srcset=\"https:\/\/anisopter.com\/wp-content\/uploads\/2023\/09\/EvolucionTorreReflectorSateliteLowRes.png 1380w, https:\/\/anisopter.com\/wp-content\/uploads\/2023\/09\/EvolucionTorreReflectorSateliteLowRes-300x114.png 300w, https:\/\/anisopter.com\/wp-content\/uploads\/2023\/09\/EvolucionTorreReflectorSateliteLowRes-1024x390.png 1024w, https:\/\/anisopter.com\/wp-content\/uploads\/2023\/09\/EvolucionTorreReflectorSateliteLowRes-768x292.png 768w\" sizes=\"auto, (max-width: 1380px) 100vw, 1380px\" \/>\n                                <div class=\"h-image__frame h-hide-lg h-hide-md h-hide-sm style-1960-frameImage style-local-4978-c13-frameImage\"><\/div>\n                              <\/div>\n                            <\/div>\n                          <\/div>\n                          <div data-colibri-id=\"4978-c14\" class=\"h-text h-text-component style-1961 style-local-4978-c14 position-relative h-element\">\n                            <!---->\n                            <!---->\n                            <div class=\"\">\n                              <p>Figura 2. Evoluci\u00f3n del dise\u00f1o de las torres de reflector para sat\u00e9lites de telecomunicaciones.<\/p>\n                            <\/div>\n                          <\/div>\n                        <\/div>\n                      <\/div>\n                    <\/div>\n                  <\/div>\n                <\/div>\n                <div data-colibri-id=\"4978-c15\" class=\"h-text h-text-component style-1957 style-local-4978-c15 position-relative h-element\">\n                  <!---->\n                  <!---->\n                  <div class=\"\">\n                    <p>Para evaluar estas ventajas, en el trabajo de fin de master (TFM) de Alejandro Fitera-Orozco* se ha dise\u00f1ado una torre de reflector en celos\u00eda tubular a partir de las especificaciones de un sat\u00e9lite de telecomunicaciones comercial.\n                      Tras una detallada optimizaci\u00f3n topol\u00f3gica inicial para decidir la configuraci\u00f3n de tubos m\u00e1s adecuada, se dise\u00f1aron y valoraron te\u00f3ricamente distintas alternativas para realizar las uniones.<\/p>\n                    <p>Como prueba de concepto, <em>Anisopter Insightful Research<\/em>&nbsp;en colaboraci\u00f3n con el grupo de Jorge Vilanova (Airbus DS) ha dise\u00f1ado un modelo de nodo optimizado topol\u00f3gicamente y pensado para facilitar el ensamblaje de la torre\n                      del TFM. En la imagen se muestran algunas vistas de uno de los nodos y una foto de un prototipo de montaje fabricado en pl\u00e1stico.<\/p>\n                  <\/div>\n                <\/div>\n                <div data-colibri-id=\"4978-c16\" class=\"h-row-container gutters-row-lg-2 gutters-row-md-2 gutters-row-0 gutters-row-v-lg-2 gutters-row-v-md-2 gutters-row-v-2 style-1958 style-local-4978-c16 position-relative\">\n                  <!---->\n                  <div class=\"h-row justify-content-lg-center justify-content-md-center justify-content-center align-items-lg-stretch align-items-md-stretch align-items-stretch gutters-col-lg-2 gutters-col-md-2 gutters-col-0 gutters-col-v-lg-2 gutters-col-v-md-2 gutters-col-v-2\">\n                    <!---->\n                    <div class=\"h-column h-column-container d-flex h-col-lg-auto h-col-md-auto h-col-auto style-1959-outer style-local-4978-c17-outer\">\n                      <div data-colibri-id=\"4978-c17\" class=\"d-flex h-flex-basis h-column__inner h-px-lg-2 h-px-md-2 h-px-2 v-inner-lg-2 v-inner-md-2 v-inner-2 style-1959 style-local-4978-c17 position-relative\">\n                        <!---->\n                        <!---->\n                        <div class=\"w-100 h-y-container h-column__content h-column__v-align flex-basis-100 align-self-lg-start align-self-md-start align-self-start\">\n                          <!---->\n                          <div data-colibri-id=\"4978-c18\" class=\"d-block style-1960 style-local-4978-c18 position-relative h-element\">\n                            <!---->\n                            <div class=\"h-image__frame-container-outer\">\n                              <div class=\"h-image__frame-container\">\n                                <!---->\n                                <!---->\n                                <img loading=\"lazy\" decoding=\"async\" width=\"2724\" height=\"820\" src=\"https:\/\/anisopter.com\/wp-content\/uploads\/2023\/09\/PrototipoAnisopterNodoTorreReflector.png\" class=\"wp-image-5251 style-1960-image style-local-4978-c18-image\" alt=\"\" srcset=\"https:\/\/anisopter.com\/wp-content\/uploads\/2023\/09\/PrototipoAnisopterNodoTorreReflector.png 2724w, https:\/\/anisopter.com\/wp-content\/uploads\/2023\/09\/PrototipoAnisopterNodoTorreReflector-300x90.png 300w, https:\/\/anisopter.com\/wp-content\/uploads\/2023\/09\/PrototipoAnisopterNodoTorreReflector-1024x308.png 1024w, https:\/\/anisopter.com\/wp-content\/uploads\/2023\/09\/PrototipoAnisopterNodoTorreReflector-768x231.png 768w, https:\/\/anisopter.com\/wp-content\/uploads\/2023\/09\/PrototipoAnisopterNodoTorreReflector-1536x462.png 1536w, https:\/\/anisopter.com\/wp-content\/uploads\/2023\/09\/PrototipoAnisopterNodoTorreReflector-2048x617.png 2048w\" sizes=\"auto, (max-width: 2724px) 100vw, 2724px\" \/>\n                                <div class=\"h-image__frame h-hide-lg h-hide-md h-hide-sm style-1960-frameImage style-local-4978-c18-frameImage\"><\/div>\n                              <\/div>\n                            <\/div>\n                          <\/div>\n                          <div data-colibri-id=\"4978-c19\" class=\"h-text h-text-component style-1961 style-local-4978-c19 position-relative h-element\">\n                            <!---->\n                            <!---->\n                            <div class=\"\">\n                              <p>Figura 3. Nodos optimizados topol\u00f3gicamente para una torre de reflector de sat\u00e9lite de telecomunicaciones.<\/p>\n                            <\/div>\n                          <\/div>\n                        <\/div>\n                      <\/div>\n                    <\/div>\n                  <\/div>\n                <\/div>\n                <div data-colibri-id=\"4978-c20\" class=\"h-text h-text-component style-1957 style-local-4978-c20 position-relative h-element\">\n                  <!---->\n                  <!---->\n                  <div class=\"\">\n                    <p>Tras el debido desarrollo, esperamos que la versatilidad y eficiencia de nuestros nodos optimizados topol\u00f3gicamente junto con su sistema de montaje sean claves para <span style=\"color: rgb(255, 255, 255); font-family: Lato; font-size: 16px; font-weight: 400;\">conseguir reducciones de peso significativas y&nbsp;<\/span>fomentar\n                      el uso de las estructuras de celos\u00eda en aplicaciones aeroespaciales.<\/p>\n                  <\/div>\n                <\/div>\n              <\/div>\n            <\/div>\n          <\/div>\n        <\/div>\n      <\/div>\n      <div data-colibri-id=\"4978-c21\" class=\"h-row-container gutters-row-lg-2 gutters-row-md-2 gutters-row-0 gutters-row-v-lg-2 gutters-row-v-md-2 gutters-row-v-2 style-1958 style-local-4978-c21 position-relative\">\n        <!---->\n        <div class=\"h-row justify-content-lg-center justify-content-md-center justify-content-center align-items-lg-stretch align-items-md-stretch align-items-stretch gutters-col-lg-2 gutters-col-md-2 gutters-col-0 gutters-col-v-lg-2 gutters-col-v-md-2 gutters-col-v-2\">\n          <!---->\n          <div class=\"h-column h-column-container d-flex h-col-lg-auto h-col-md-auto h-col-auto style-1959-outer style-local-4978-c22-outer\">\n            <div data-colibri-id=\"4978-c22\" class=\"d-flex h-flex-basis h-column__inner h-px-lg-2 h-px-md-2 h-px-2 v-inner-lg-2 v-inner-md-2 v-inner-2 style-1959 style-local-4978-c22 position-relative\">\n              <!---->\n              <!---->\n              <div class=\"w-100 h-y-container h-column__content h-column__v-align flex-basis-100 align-self-lg-start align-self-md-start align-self-start\">\n                <!---->\n                <div data-colibri-id=\"4978-c23\" class=\"d-block style-1960 style-local-4978-c23 position-relative h-element\">\n                  <!---->\n                  <div class=\"h-image__frame-container-outer\">\n                    <div class=\"h-image__frame-container\">\n                      <!---->\n                      <!---->\n                      <img loading=\"lazy\" decoding=\"async\" width=\"2559\" height=\"1562\" src=\"https:\/\/anisopter.com\/wp-content\/uploads\/2023\/09\/Syracuse-4_AD.jpg\" class=\"wp-image-4996 style-1960-image style-local-4978-c23-image\" alt=\"\" srcset=\"https:\/\/anisopter.com\/wp-content\/uploads\/2023\/09\/Syracuse-4_AD.jpg 2559w, https:\/\/anisopter.com\/wp-content\/uploads\/2023\/09\/Syracuse-4_AD-300x183.jpg 300w, https:\/\/anisopter.com\/wp-content\/uploads\/2023\/09\/Syracuse-4_AD-1024x625.jpg 1024w, https:\/\/anisopter.com\/wp-content\/uploads\/2023\/09\/Syracuse-4_AD-768x469.jpg 768w, https:\/\/anisopter.com\/wp-content\/uploads\/2023\/09\/Syracuse-4_AD-1536x938.jpg 1536w, https:\/\/anisopter.com\/wp-content\/uploads\/2023\/09\/Syracuse-4_AD-2048x1250.jpg 2048w\" sizes=\"auto, (max-width: 2559px) 100vw, 2559px\" \/>\n                      <div class=\"h-image__frame h-hide-lg h-hide-md h-hide-sm style-1960-frameImage style-local-4978-c23-frameImage\"><\/div>\n                    <\/div>\n                  <\/div>\n                <\/div>\n                <div data-colibri-id=\"4978-c24\" class=\"h-text h-text-component style-1961 style-local-4978-c24 position-relative h-element\">\n                  <!---->\n                  <!---->\n                  <div class=\"\">\n                    <p>Figura 4. Sat\u00e9lite militar de telecomunicaciones Syracuse-4. Fuente:\n                      <a href=\"https:\/\/mediacentre.airbus.com\/mediacentre\/search?access=searchText&amp;q=space\" target=\"_blank\" class=\"customize-unpreviewable\" style=\"color: rgb(79, 184, 233);\">Airbus<\/a>\n                    <\/p>\n                  <\/div>\n                <\/div>\n              <\/div>\n            <\/div>\n          <\/div>\n          <div class=\"h-column h-column-container d-flex h-col-lg-auto h-col-md-auto h-col-auto style-1959-outer style-local-4978-c25-outer\">\n            <div data-colibri-id=\"4978-c25\" class=\"d-flex h-flex-basis h-column__inner h-px-lg-2 h-px-md-2 h-px-2 v-inner-lg-2 v-inner-md-2 v-inner-2 style-1959 style-local-4978-c25 position-relative\">\n              <!---->\n              <!---->\n              <div class=\"w-100 h-y-container h-column__content h-column__v-align flex-basis-100 align-self-lg-start align-self-md-start align-self-start\">\n                <!---->\n                <div data-colibri-id=\"4978-c26\" class=\"d-block style-1960 style-local-4978-c26 position-relative h-element\">\n                  <!---->\n                  <div class=\"h-image__frame-container-outer\">\n                    <div class=\"h-image__frame-container\">\n                      <!---->\n                      <!---->\n                      <img loading=\"lazy\" decoding=\"async\" width=\"511\" height=\"1168\" src=\"https:\/\/anisopter.com\/wp-content\/uploads\/2023\/09\/PrototipoAnisopterTorreReflectorSatelite.jpg\" class=\"wp-image-5252 style-1960-image style-local-4978-c26-image\" alt=\"\" srcset=\"https:\/\/anisopter.com\/wp-content\/uploads\/2023\/09\/PrototipoAnisopterTorreReflectorSatelite.jpg 511w, https:\/\/anisopter.com\/wp-content\/uploads\/2023\/09\/PrototipoAnisopterTorreReflectorSatelite-131x300.jpg 131w, https:\/\/anisopter.com\/wp-content\/uploads\/2023\/09\/PrototipoAnisopterTorreReflectorSatelite-448x1024.jpg 448w\" sizes=\"auto, (max-width: 511px) 100vw, 511px\" \/>\n                      <div class=\"h-image__frame h-hide-lg h-hide-md h-hide-sm style-1960-frameImage style-local-4978-c26-frameImage\"><\/div>\n                    <\/div>\n                  <\/div>\n                <\/div>\n                <div data-colibri-id=\"4978-c27\" class=\"h-text h-text-component style-1961 style-local-4978-c27 position-relative h-element\">\n                  <!---->\n                  <!---->\n                  <div class=\"\">\n                    <p>Figura 5. P<span style=\"font-weight: 400; font-size: 16px; font-family: Lato; color: rgb(255, 255, 255);\">rototipo de montaje.<\/span><\/p>\n                  <\/div>\n                <\/div>\n              <\/div>\n            <\/div>\n          <\/div>\n        <\/div>\n      <\/div>\n      <div data-colibri-id=\"4978-c28\" class=\"h-row-container gutters-row-lg-2 gutters-row-md-2 gutters-row-0 gutters-row-v-lg-2 gutters-row-v-md-2 gutters-row-v-2 style-2064 style-local-4978-c28 position-relative\">\n        <!---->\n        <div class=\"h-row justify-content-lg-center justify-content-md-center justify-content-center align-items-lg-stretch align-items-md-stretch align-items-stretch gutters-col-lg-2 gutters-col-md-2 gutters-col-0 gutters-col-v-lg-2 gutters-col-v-md-2 gutters-col-v-2\">\n          <!---->\n          <div class=\"h-column h-column-container d-flex h-col-lg-auto h-col-md-auto h-col-auto style-2065-outer style-local-4978-c29-outer\">\n            <div data-colibri-id=\"4978-c29\" class=\"d-flex h-flex-basis h-column__inner h-px-lg-2 h-px-md-2 h-px-2 v-inner-lg-2 v-inner-md-2 v-inner-2 style-2065 style-local-4978-c29 position-relative\">\n              <!---->\n              <!---->\n              <div class=\"w-100 h-y-container h-column__content h-column__v-align flex-basis-100 align-self-lg-start align-self-md-start align-self-start\">\n                <!---->\n                <div data-colibri-id=\"4978-c30\" class=\"h-text h-text-component style-1957 style-local-4978-c30 position-relative h-element\">\n                  <!---->\n                  <!---->\n                  <div class=\"\">\n                    <p><span style=\"color: rgb(255, 255, 255); font-family: Lato; font-size: 16px; font-weight: 400;\">* <\/span><em style=\"color: rgb(255, 255, 255); font-family: Lato; font-size: 16px; font-weight: 400;\">Structural optimization of a top floor antenna.<\/em>\n                      <span\n                        style=\"color: rgb(255, 255, 255); font-family: Lato; font-size: 16px; font-weight: 400;\">&nbsp;Alejandro Fitera-Orozco. UC3M master thesis&nbsp;(2021).<\/span>\n                    <\/p>\n                  <\/div>\n                <\/div>\n              <\/div>\n            <\/div>\n          <\/div>\n        <\/div>\n      <\/div>\n    <\/div>\n  <\/div>\n<\/div>","protected":false},"excerpt":{"rendered":"<p>Torre de Sat\u00e9lite Una torre de reflector (top floor antena )&nbsp;es un elemento estructural de alto rendimiento indispensable para el funcionamiento de algunos sat\u00e9lites de telecomunicaciones&nbsp;modernos (Fig.1).&nbsp;Estas estructuras no s\u00f3lo deben mantener la perfecta orientaci\u00f3n de los reflectores, las gu\u00edas de ondas y los receptores de se\u00f1al en un amplio rango de temperaturas, sino que&nbsp;adem\u00e1s [&hellip;]<\/p>\n","protected":false},"author":2,"featured_media":0,"parent":0,"menu_order":0,"comment_status":"closed","ping_status":"closed","template":"page-templates\/full-width-page.php","meta":{"footnotes":""},"class_list":["post-4978","page","type-page","status-publish","hentry"],"aioseo_notices":[],"_links":{"self":[{"href":"https:\/\/anisopter.com\/es\/wp-json\/wp\/v2\/pages\/4978","targetHints":{"allow":["GET"]}}],"collection":[{"href":"https:\/\/anisopter.com\/es\/wp-json\/wp\/v2\/pages"}],"about":[{"href":"https:\/\/anisopter.com\/es\/wp-json\/wp\/v2\/types\/page"}],"author":[{"embeddable":true,"href":"https:\/\/anisopter.com\/es\/wp-json\/wp\/v2\/users\/2"}],"replies":[{"embeddable":true,"href":"https:\/\/anisopter.com\/es\/wp-json\/wp\/v2\/comments?post=4978"}],"version-history":[{"count":20,"href":"https:\/\/anisopter.com\/es\/wp-json\/wp\/v2\/pages\/4978\/revisions"}],"predecessor-version":[{"id":9640,"href":"https:\/\/anisopter.com\/es\/wp-json\/wp\/v2\/pages\/4978\/revisions\/9640"}],"wp:attachment":[{"href":"https:\/\/anisopter.com\/es\/wp-json\/wp\/v2\/media?parent=4978"}],"curies":[{"name":"wp","href":"https:\/\/api.w.org\/{rel}","templated":true}]}}