{"id":5193,"date":"2023-09-11T10:37:08","date_gmt":"2023-09-11T10:37:08","guid":{"rendered":"https:\/\/anisopter.com\/?page_id=5193"},"modified":"2026-02-10T22:17:34","modified_gmt":"2026-02-10T22:17:34","slug":"optimizacion-anisogrid","status":"publish","type":"page","link":"https:\/\/anisopter.com\/es\/optimizacion-anisogrid\/","title":{"rendered":"Optimizaci\u00f3n Anisogrid"},"content":{"rendered":"<div data-colibri-id=\"5193-c1\" class=\"style-2005 style-local-5193-c1 position-relative\">\n  <!---->\n  <div data-colibri-component=\"section\" data-colibri-id=\"5193-c2\" id=\"custom-2\" class=\"h-section h-section-global-spacing d-flex align-items-lg-center align-items-md-center align-items-center style-2006 style-local-5193-c2 position-relative\">\n    <div class=\"background-wrapper\">\n      <div class=\"background-layer background-layer-media-container-lg\">\n        <div data-enabled=\"true\" data-colibri-component=\"parallax\" class=\"background-layer paraxify\" model-id=\"5193-c2\" media=\"desktop\" is-preview=\"true\" style=\"background-image: url(&quot;http:\/\/anisopter.com\/wp-content\/uploads\/2023\/09\/1920x1080-2997778-planet-earth-lights-sunrise-europe___mixed-wallpapers.jpg&quot;);\"><\/div>\n      <\/div>\n      <div class=\"background-layer background-layer-media-container-md\">\n        <div data-enabled=\"true\" data-colibri-component=\"parallax\" class=\"background-layer paraxify\" model-id=\"5193-c2\" media=\"tablet\" is-preview=\"true\" style=\"background-image: url(&quot;http:\/\/anisopter.com\/wp-content\/uploads\/2023\/09\/1920x1080-2997778-planet-earth-lights-sunrise-europe___mixed-wallpapers.jpg&quot;);\"><\/div>\n      <\/div>\n      <div class=\"background-layer background-layer-media-container\">\n        <div data-enabled=\"true\" data-colibri-component=\"parallax\" class=\"background-layer paraxify\" model-id=\"5193-c2\" media=\"mobile\" is-preview=\"true\" style=\"background-image: url(&quot;http:\/\/anisopter.com\/wp-content\/uploads\/2023\/09\/1920x1080-2997778-planet-earth-lights-sunrise-europe___mixed-wallpapers.jpg&quot;);\"><\/div>\n      <\/div>\n    <\/div>\n    <!---->\n    <div class=\"h-section-grid-container h-section-boxed-container\">\n      <!---->\n      <div data-colibri-id=\"5193-c3\" class=\"h-row-container gutters-row-lg-2 gutters-row-md-2 gutters-row-0 gutters-row-v-lg-2 gutters-row-v-md-2 gutters-row-v-2 style-2007 style-local-5193-c3 position-relative\">\n        <!---->\n        <div class=\"h-row justify-content-lg-center justify-content-md-center justify-content-center align-items-lg-stretch align-items-md-stretch align-items-stretch gutters-col-lg-2 gutters-col-md-2 gutters-col-0 gutters-col-v-lg-2 gutters-col-v-md-2 gutters-col-v-2\">\n          <!---->\n          <div class=\"h-column h-column-container d-flex h-col-lg-auto h-col-md-auto h-col-auto style-2008-outer style-local-5193-c4-outer\">\n            <div data-colibri-id=\"5193-c4\" class=\"d-flex h-flex-basis h-column__inner h-px-lg-2 h-px-md-2 h-px-2 v-inner-lg-2 v-inner-md-2 v-inner-2 style-2008 style-local-5193-c4 position-relative\">\n              <!---->\n              <!---->\n              <div class=\"w-100 h-y-container h-column__content h-column__v-align flex-basis-100 align-self-lg-start align-self-md-start align-self-start\">\n                <!---->\n                <div data-colibri-id=\"5193-c5\" class=\"style-2366 style-local-5193-c5 position-relative h-element\">\n                  <!---->\n                <\/div>\n                <div data-colibri-id=\"5193-c6\" class=\"style-2407 style-local-5193-c6 position-relative h-element\">\n                  <!---->\n                <\/div>\n                <div data-colibri-id=\"5193-c7\" class=\"style-2416 style-local-5193-c7 h-hide-lg h-hide-md position-relative h-element\">\n                  <!---->\n                <\/div>\n                <div data-colibri-id=\"5193-c8\" class=\"h-text h-text-component style-2009 style-local-5193-c8 position-relative h-element\">\n                  <!---->\n                  <!---->\n                  <div class=\"\">\n                    <h4><span style=\"background-color: rgba(0, 0, 0, 0);\">Optimizaci\u00f3n Anisogrid<\/span><\/h4>\n                    <p><span style=\"background-color: rgba(0, 0, 0, 0);\">Fomentar la independencia, la competitividad y la innovaci\u00f3n en el sector espacial europeo es una de las prioridades de la Comisi\u00f3n Europea. El costoso acceso al Espacio dificulta efectivamente (o incluso impide) el desarrollo de nuevos modelos de negocios. Como estimaci\u00f3n aproximada, cada kilogramo enviado al espacio cuesta m\u00e1s de 4 k\u20ac para \u00f3rbitas terrestres bajas y 18 k\u20ac para \u00f3rbitas geoestacionarias. Sin embargo, estos alt\u00edsimos precios no impiden el env\u00edo anual de m\u00e1s de 200 toneladas al espacio ni que existan actualmente m\u00e1s de 2,000 sat\u00e9lites operativos orbitando la Tierra, incluso sin incluir las nuevas constelaciones de sat\u00e9lites como StarLink o OneWeb. Estos hechos evidencian el papel esencial que juega el espacio en las telecomunicaciones, la geolocalizaci\u00f3n, la inteligencia o la ciencia modernas, por poner solo algunos ejemplos.<\/span><\/p>\n                    <p>A pesar de que existe una clara tendencia a reducir el tama\u00f1o y peso de los sat\u00e9lites, m\u00e1s del 95% de la masa puesta en \u00f3rbita forma parte de sat\u00e9lites relativamente grandes (&gt;500 kg). De media, alrededor del 20% del peso seco de\n                      los sat\u00e9lites y lanzadores corresponde a las estructuras portantes. Por lo general, est\u00e1n dise\u00f1adas a partir de compuestos s\u00e1ndwich, laminados de fibra de carbono o monocascos de aluminio. Aunque estas tecnolog\u00edas est\u00e1n bien desarrolladas\n                      y son ligeras, la tecnolog\u00eda disruptiva anisogrid ofrece eficiencia de peso adicional y beneficios de fabricaci\u00f3n. En tales estructuras de celos\u00eda, la distribuci\u00f3n \u00f3ptima de las secciones de las barras proporciona la rigidez necesaria\n                      para evitar el pandeo y aprovechar toda la resistencia del material.<\/p>\n                    <p>Sin embargo, lograr la configuraci\u00f3n m\u00e1s ligera (i.e. el grosor y la geometr\u00eda \u00f3ptimos de las barras) y que cumpla con las especificaciones de dise\u00f1o (cargas y restricciones) es un desaf\u00edo que requiere mucho tiempo de c\u00e1lculo. Para\n                      solucionar este problema, hemos desarrollado un servidor como de prueba de concepto espec\u00edfico para el dimensionamiento r\u00e1pido y automatizado de estructuras anisogrid. Nuestro servidor web experimental (Software-as-a-Service) en\n                      <a href=\"https:\/\/server.anisopter.com\" target=\"_blank\" rel=\"nofollow\" style=\"color: rgb(79, 184, 233);\" class=\"customize-unpreviewable\">https:\/\/server.anisopter.com<\/a> (*) es capaz de explorar millones de configuraciones en minutos y obtener estructuras iguales o m\u00e1s ligeras que la competencia.<\/p>\n                    <p>(*) Esta versi\u00f3n anterior ha sido reemplazada. Por favor, cont\u00e1ctenos para m\u00e1s informaci\u00f3n.<\/p>\n                  <\/div>\n                <\/div>\n                <div data-colibri-id=\"5193-c9\" class=\"h-row-container gutters-row-lg-2 gutters-row-md-2 gutters-row-0 gutters-row-v-lg-2 gutters-row-v-md-2 gutters-row-v-2 style-2010 style-local-5193-c9 position-relative\">\n                  <!---->\n                  <div class=\"h-row justify-content-lg-center justify-content-md-center justify-content-center align-items-lg-stretch align-items-md-stretch align-items-stretch gutters-col-lg-2 gutters-col-md-2 gutters-col-0 gutters-col-v-lg-2 gutters-col-v-md-2 gutters-col-v-2\">\n                    <!---->\n                    <div class=\"h-column h-column-container d-flex h-col-lg-auto h-col-md-auto h-col-auto style-2011-outer style-local-5193-c10-outer\">\n                      <div data-colibri-id=\"5193-c10\" class=\"d-flex h-flex-basis h-column__inner h-px-lg-2 h-px-md-2 h-px-2 v-inner-lg-2 v-inner-md-2 v-inner-2 style-2011 style-local-5193-c10 position-relative\">\n                        <!---->\n                        <!---->\n                        <div class=\"w-100 h-y-container h-column__content h-column__v-align flex-basis-100 align-self-lg-start align-self-md-start align-self-start\">\n                          <!---->\n                          <div data-colibri-component=\"video\" data-colibri-id=\"5193-c11\" class=\"d-block h-video d-block h-video style-2020 style-local-5193-c11 position-relative h-element\">\n                            <!---->\n                            <!---->\n                            <div class=\"video-container position-relative\">\n                              <div class=\"h-global-transition-all ratio-inner\"><iframe src=https:\/\/www.youtube-nocookie.com\/embed\/j_OVnW4Dhak?autoplay=0&#038;mute=0&#038;modestbranding=0&#038;rel=0&#038;enablejsapi=1&#038; class='h-video-main'  allowfullscreen><\/iframe><\/div>\n                            <\/div>\n                          <\/div>\n                          <div data-colibri-id=\"5193-c13\" class=\"h-text h-text-component style-2013 style-local-5193-c13 position-relative h-element\">\n                            <!---->\n                            <!---->\n                            <div class=\"\">\n                              <p>Figura 1. Prueba de concepto de la optimizaci\u00f3n r\u00e1pida de cilindros de rejilla.<\/p>\n                            <\/div>\n                          <\/div>\n                        <\/div>\n                      <\/div>\n                    <\/div>\n                  <\/div>\n                <\/div>\n                <div data-colibri-id=\"5193-c14\" class=\"h-text h-text-component style-2009 style-local-5193-c14 position-relative h-element\">\n                  <!---->\n                  <!---->\n                  <div class=\"\">\n                    <p><span style=\"font-weight: 400; font-size: 16px; font-family: Lato; color: rgb(102, 102, 102);\">Este proyecto ha recibido financiaci\u00f3n del programa de investigaci\u00f3n e innovaci\u00f3n Horizonte 2020 de la Uni\u00f3n Europea en virtud del acuerdo de subvenci\u00f3n n.\u00ba 868615. Fue desarrollado en colaboraci\u00f3n con ezeQ Apps. M\u00e1s informaci\u00f3n en&nbsp;<\/span>\n                      <a\n                        href=\"https:\/\/cordis.europa.eu\/project\/id\/868615\/reporting\" target=\"_blank\" style=\"font-weight: 700; font-size: 12px; font-family: Lato; color: rgb(79, 184, 233);\" class=\"customize-unpreviewable\" draggable=\"false\"><strong>HTTPS:\/\/CORDIS.EUROPA.EU\/PROJECT\/ID\/868615\/REPORTING<\/strong><\/a>\n                    <\/p>\n                  <\/div>\n                <\/div>\n              <\/div>\n            <\/div>\n          <\/div>\n        <\/div>\n      <\/div>\n    <\/div>\n  <\/div>\n<\/div>","protected":false},"excerpt":{"rendered":"<p>Optimizaci\u00f3n Anisogrid Fomentar la independencia, la competitividad y la innovaci\u00f3n en el sector espacial europeo es una de las prioridades de la Comisi\u00f3n Europea. El costoso acceso al Espacio dificulta efectivamente (o incluso impide) el desarrollo de nuevos modelos de negocios. Como estimaci\u00f3n aproximada, cada kilogramo enviado al espacio cuesta m\u00e1s de 4 k\u20ac para [&hellip;]<\/p>\n","protected":false},"author":2,"featured_media":0,"parent":0,"menu_order":0,"comment_status":"closed","ping_status":"closed","template":"page-templates\/full-width-page.php","meta":{"footnotes":""},"class_list":["post-5193","page","type-page","status-publish","hentry"],"aioseo_notices":[],"_links":{"self":[{"href":"https:\/\/anisopter.com\/es\/wp-json\/wp\/v2\/pages\/5193","targetHints":{"allow":["GET"]}}],"collection":[{"href":"https:\/\/anisopter.com\/es\/wp-json\/wp\/v2\/pages"}],"about":[{"href":"https:\/\/anisopter.com\/es\/wp-json\/wp\/v2\/types\/page"}],"author":[{"embeddable":true,"href":"https:\/\/anisopter.com\/es\/wp-json\/wp\/v2\/users\/2"}],"replies":[{"embeddable":true,"href":"https:\/\/anisopter.com\/es\/wp-json\/wp\/v2\/comments?post=5193"}],"version-history":[{"count":11,"href":"https:\/\/anisopter.com\/es\/wp-json\/wp\/v2\/pages\/5193\/revisions"}],"predecessor-version":[{"id":9633,"href":"https:\/\/anisopter.com\/es\/wp-json\/wp\/v2\/pages\/5193\/revisions\/9633"}],"wp:attachment":[{"href":"https:\/\/anisopter.com\/es\/wp-json\/wp\/v2\/media?parent=5193"}],"curies":[{"name":"wp","href":"https:\/\/api.w.org\/{rel}","templated":true}]}}