{"id":6,"date":"2019-07-02T13:37:17","date_gmt":"2019-07-02T13:37:17","guid":{"rendered":"https:\/\/anisopter.com\/blog\/"},"modified":"2024-08-20T17:33:21","modified_gmt":"2024-08-20T17:33:21","slug":"blog","status":"publish","type":"page","link":"https:\/\/anisopter.com\/es\/blog\/","title":{"rendered":"Blog"},"content":{"rendered":"<div data-colibri-id=\"6-c1\" class=\"style-2947 style-local-6-c1 position-relative\">\n  <!---->\n  <div data-colibri-component=\"section\" data-colibri-id=\"6-c2\" id=\"custom\" class=\"h-section h-section-global-spacing d-flex align-items-lg-center align-items-md-center align-items-center style-2948 style-local-6-c2 position-relative\">\n    <div class=\"background-wrapper\">\n      <div class=\"background-layer background-layer-media-container-lg\">\n        <div data-enabled=\"true\" data-colibri-component=\"parallax\" class=\"background-layer paraxify\" model-id=\"6-c2\" media=\"desktop\" is-preview=\"true\" style=\"background-image: url(&quot;http:\/\/anisopter.com\/wp-content\/uploads\/2023\/05\/2.png&quot;);\"><\/div>\n        <div class=\"overlay-layer\">\n          <div class=\"overlay-image-layer\" style=\"background-color: rgb(255, 255, 255); opacity: 0.75;\"><\/div>\n        <\/div>\n      <\/div>\n      <div class=\"background-layer background-layer-media-container-md\">\n        <div data-enabled=\"true\" data-colibri-component=\"parallax\" class=\"background-layer paraxify\" model-id=\"6-c2\" media=\"tablet\" is-preview=\"true\" style=\"background-image: url(&quot;http:\/\/anisopter.com\/wp-content\/uploads\/2023\/05\/2.png&quot;);\"><\/div>\n        <div class=\"overlay-layer\">\n          <div class=\"overlay-image-layer\" style=\"background-color: rgb(255, 255, 255); opacity: 0.75;\"><\/div>\n        <\/div>\n      <\/div>\n      <div class=\"background-layer background-layer-media-container\">\n        <div data-enabled=\"true\" data-colibri-component=\"parallax\" class=\"background-layer paraxify\" model-id=\"6-c2\" media=\"mobile\" is-preview=\"true\" style=\"background-image: url(&quot;http:\/\/anisopter.com\/wp-content\/uploads\/2023\/05\/2.png&quot;);\"><\/div>\n        <div class=\"overlay-layer\">\n          <div class=\"overlay-image-layer\" style=\"background-color: rgb(255, 255, 255); opacity: 0.75;\"><\/div>\n        <\/div>\n      <\/div>\n    <\/div>\n    <!---->\n    <div class=\"h-section-grid-container h-section-boxed-container\">\n      <!---->\n      <div data-colibri-id=\"6-c3\" class=\"h-row-container gutters-row-lg-1 gutters-row-md-1 gutters-row-0 gutters-row-v-lg-1 gutters-row-v-md-1 gutters-row-v-1 colibri-dynamic-list style-2951 style-local-6-c3 position-relative\">\n        <!---->\n        <div data-colibri-component=\"masonry\" class=\"h-row justify-content-lg-start justify-content-md-start justify-content-start align-items-lg-stretch align-items-md-stretch align-items-stretch gutters-col-lg-1 gutters-col-md-1 gutters-col-0 gutters-col-v-lg-1 gutters-col-v-md-1 gutters-col-v-1 style-2951-row style-local-6-c3-row\">\n          <!---->\n        <div class=\"h-column h-column-container d-flex h-col-lg-4 h-col-md-6 h-col-12 post-9431 post type-post status-publish format-standard has-post-thumbnail hentry category-alta-tension category-destacado category-torres masonry-item style-2952-outer style-local-6-c4-outer\"><div data-colibri-id=\"6-c4\" class=\"d-flex h-flex-basis h-column__inner h-px-lg-2 h-px-md-2 h-px-2 v-inner-lg-2 v-inner-md-2 v-inner-2 style-2952 style-local-6-c4 position-relative\"> <div class=\"w-100 h-y-container h-column__content h-column__v-align flex-basis-100 align-self-lg-start align-self-md-start align-self-start\"> <div data-href=\"https:\/\/anisopter.com\/es\/registro-nuevo-diseno-de-apoyos\/\" data-colibri-component=\"link\" data-colibri-id=\"6-c5\" class=\"colibri-post-thumbnail colibri-post-has-thumbnail style-2953 style-local-6-c5 h-overflow-hidden position-relative h-element\"><div class=\"h-global-transition-all colibri-post-thumbnail-shortcode style-dynamic-6-c5-height\">            <a href=\"https:\/\/anisopter.com\/es\/registro-nuevo-diseno-de-apoyos\/\" title=\"Registro nuevo dise\u00f1o de apoyos\">\n\t\t\t\t<img loading=\"lazy\" decoding=\"async\" width=\"2560\" height=\"1440\" src=\"https:\/\/anisopter.com\/wp-content\/uploads\/2025\/04\/YouTube_Thumbnail-scaled.jpg\" class=\"attachment-post-thumbnail size-post-thumbnail wp-post-image\" alt=\"\" srcset=\"https:\/\/anisopter.com\/wp-content\/uploads\/2025\/04\/YouTube_Thumbnail-scaled.jpg 2560w, https:\/\/anisopter.com\/wp-content\/uploads\/2025\/04\/YouTube_Thumbnail-300x169.jpg 300w, https:\/\/anisopter.com\/wp-content\/uploads\/2025\/04\/YouTube_Thumbnail-1024x576.jpg 1024w, https:\/\/anisopter.com\/wp-content\/uploads\/2025\/04\/YouTube_Thumbnail-768x432.jpg 768w, https:\/\/anisopter.com\/wp-content\/uploads\/2025\/04\/YouTube_Thumbnail-1536x864.jpg 1536w, https:\/\/anisopter.com\/wp-content\/uploads\/2025\/04\/YouTube_Thumbnail-2048x1152.jpg 2048w, https:\/\/anisopter.com\/wp-content\/uploads\/2025\/04\/YouTube_Thumbnail-18x10.jpg 18w\" sizes=\"auto, (max-width: 2560px) 100vw, 2560px\" \/>            <\/a>\n\t\t\t<\/div> <div class=\"colibri-post-thumbnail-content align-items-lg-center align-items-md-center align-items-center flex-basis-100\"><div class=\"w-100 h-y-container\"> <\/div><\/div><\/div><div data-colibri-id=\"6-c6\" class=\"h-row-container gutters-row-lg-2 gutters-row-md-2 gutters-row-2 gutters-row-v-lg-2 gutters-row-v-md-2 gutters-row-v-2 style-2954 style-local-6-c6 position-relative\"><div class=\"h-row justify-content-lg-center justify-content-md-center justify-content-center align-items-lg-stretch align-items-md-stretch align-items-stretch gutters-col-lg-2 gutters-col-md-2 gutters-col-2 gutters-col-v-lg-2 gutters-col-v-md-2 gutters-col-v-2\"> <div class=\"h-column h-column-container d-flex h-col-lg h-col-md h-col-auto style-2955-outer style-local-6-c7-outer\"><div data-colibri-id=\"6-c7\" class=\"d-flex h-flex-basis h-column__inner h-px-lg-2 h-px-md-2 h-px-2 v-inner-lg-2 v-inner-md-2 v-inner-2 style-2955 style-local-6-c7 position-relative\"> <div class=\"w-100 h-y-container h-column__content h-column__v-align flex-basis-100 align-self-lg-start align-self-md-start align-self-start\"> <div data-colibri-id=\"6-c8\" class=\"h-blog-categories style-2956 style-local-6-c8 position-relative h-element\"><div class=\"h-global-transition-all\"><a class=\"d-inline-block colibri-post-category\" href=\"https:\/\/anisopter.com\/es\/category\/alta-tension\/\">Alta tensi\u00f3n<\/a><a class=\"d-inline-block colibri-post-category\" href=\"https:\/\/anisopter.com\/es\/category\/destacado\/\">Destacado<\/a><a class=\"d-inline-block colibri-post-category\" href=\"https:\/\/anisopter.com\/es\/category\/torres\/\">Torres<\/a><\/div><\/div><div data-colibri-id=\"6-c9\" class=\"h-blog-title style-2957 style-local-6-c9 position-relative h-element\"><div class=\"h-global-transition-all\"><a href=\"https:\/\/anisopter.com\/es\/registro-nuevo-diseno-de-apoyos\/\"><h4 class=\"colibri-word-wrap\">Registro nuevo dise\u00f1o de apoyos<\/h4><\/a><\/div><\/div><div data-colibri-id=\"6-c10\" class=\"style-3015 style-local-6-c10 position-relative h-element\"><div class=\"h-global-transition-all\"><div class=\"colibri-post-excerpt\">En Anisopter Insightful Research, seguimos avanzando con Red El\u00e9ctrica y Elewit hacia una red el\u00e9ctrica \u26a1\ud83d\udd0c m\u00e1s sostenible y respetuosa con el entorno. Como muestra de nuestro compromiso innovador, hemos realizado el registro europeo de un nuevo tipo de apoyos (torres) de alta tensi\u00f3n especialmente pensado para:\u2705minimizar el impacto ambiental y social de las l\u00edneas [&hellip;]<\/div><\/div><\/div><\/div><\/div><\/div><\/div><\/div><div data-colibri-id=\"6-c11\" class=\"h-row-container gutters-row-lg-2 gutters-row-md-2 gutters-row-2 gutters-row-v-lg-2 gutters-row-v-md-2 gutters-row-v-2 style-2958 style-local-6-c11 position-relative\"><div class=\"h-row justify-content-lg-center justify-content-md-center justify-content-center align-items-lg-stretch align-items-md-stretch align-items-stretch gutters-col-lg-2 gutters-col-md-2 gutters-col-2 gutters-col-v-lg-2 gutters-col-v-md-2 gutters-col-v-2\"> <div class=\"h-column h-column-container d-flex h-col-lg h-col-md h-col style-2959-outer style-local-6-c12-outer\"><div data-colibri-id=\"6-c12\" class=\"d-flex h-flex-basis h-column__inner h-px-lg-2 h-px-md-2 h-px-2 v-inner-lg-0 v-inner-md-0 v-inner-0 style-2959 style-local-6-c12 position-relative\"> <div class=\"w-100 h-y-container h-column__content h-column__v-align flex-basis-100 align-self-lg-center align-self-md-center align-self-center\"> <div data-colibri-id=\"6-c13\" class=\"h-blog-meta style-2960 style-local-6-c13 position-relative h-element\"><div class=\"metadata-item\"><span class=\"metadata-prefix\">by<\/span> <a href=\"https:\/\/anisopter.com\/es\/author\/anisopter\/\">Anisopter<\/a> <span class=\"meta-separator\"><\/span><\/div><div class=\"metadata-item\"><span class=\"metadata-prefix\">on<\/span> <a href=\"https:\/\/anisopter.com\/es\/2025\/04\/10\/\">10\/04\/2025<\/a><\/div><\/div><\/div><\/div><\/div><div class=\"h-column h-column-container d-flex h-col-lg-auto h-col-md-auto h-col-auto style-2961-outer style-local-6-c14-outer\"><div data-colibri-id=\"6-c14\" class=\"d-flex h-flex-basis h-column__inner h-px-lg-2 h-px-md-2 h-px-2 v-inner-lg-0 v-inner-md-0 v-inner-0 style-2961 style-local-6-c14 position-relative\"> <div class=\"w-100 h-y-container h-column__content h-column__v-align flex-basis-auto align-self-lg-center align-self-md-center align-self-center\"> <div data-colibri-id=\"6-c15\" class=\"h-x-container style-2962 style-local-6-c15 position-relative h-element\"><div class=\"h-x-container-inner style-dynamic-6-c15-group\"><span class=\"h-button__outer style-2963-outer style-local-6-c16-outer d-inline-flex h-element\"><a href=\"https:\/\/anisopter.com\/es\/registro-nuevo-diseno-de-apoyos\/\" data-colibri-id=\"6-c16\" class=\"d-flex w-100 align-items-center h-button justify-content-lg-center justify-content-md-center justify-content-center style-2963 style-local-6-c16 position-relative\"> <span>Read more<\/span> <span class=\"h-svg-icon h-button__icon style-2963-icon style-local-6-c16-icon\"><svg version=\"1.1\" xmlns=\"http:\/\/www.w3.org\/2000\/svg\" xmlns:xlink=\"http:\/\/www.w3.org\/1999\/xlink\" id=\"arrow-right\" viewBox=\"0 0 512 545.5\"><path d=\"M299.5 140.5l136 136 11 11.5-11 11.5-136 136-23-23L385 304H64v-32h321L276.5 163.5z\"><\/path><\/svg><\/span><\/a><\/span><\/div><\/div><\/div><\/div><\/div><\/div><\/div><\/div><\/div><\/div>\n      \n      \n        <div class=\"h-column h-column-container d-flex h-col-lg-4 h-col-md-6 h-col-12 post-5653 post type-post status-publish format-standard has-post-thumbnail hentry category-torres masonry-item style-2952-outer style-local-6-c4-outer\"><div data-colibri-id=\"6-c4\" class=\"d-flex h-flex-basis h-column__inner h-px-lg-2 h-px-md-2 h-px-2 v-inner-lg-2 v-inner-md-2 v-inner-2 style-2952 style-local-6-c4 position-relative\"> <div class=\"w-100 h-y-container h-column__content h-column__v-align flex-basis-100 align-self-lg-start align-self-md-start align-self-start\"> <div data-href=\"https:\/\/anisopter.com\/es\/torres\/\" data-colibri-component=\"link\" data-colibri-id=\"6-c5\" class=\"colibri-post-thumbnail colibri-post-has-thumbnail style-2953 style-local-6-c5 h-overflow-hidden position-relative h-element\"><div class=\"h-global-transition-all colibri-post-thumbnail-shortcode style-dynamic-6-c5-height\">            <a href=\"https:\/\/anisopter.com\/es\/torres\/\" title=\"Cosas de Torres\">\n\t\t\t\t<img loading=\"lazy\" decoding=\"async\" width=\"863\" height=\"1149\" src=\"https:\/\/anisopter.com\/wp-content\/uploads\/2023\/09\/ShukhovTowers.png\" class=\"attachment-post-thumbnail size-post-thumbnail wp-post-image\" alt=\"Shukhov Towers\" srcset=\"https:\/\/anisopter.com\/wp-content\/uploads\/2023\/09\/ShukhovTowers.png 863w, https:\/\/anisopter.com\/wp-content\/uploads\/2023\/09\/ShukhovTowers-225x300.png 225w, https:\/\/anisopter.com\/wp-content\/uploads\/2023\/09\/ShukhovTowers-769x1024.png 769w, https:\/\/anisopter.com\/wp-content\/uploads\/2023\/09\/ShukhovTowers-768x1023.png 768w\" sizes=\"auto, (max-width: 863px) 100vw, 863px\" \/>            <\/a>\n\t\t\t<\/div> <div class=\"colibri-post-thumbnail-content align-items-lg-center align-items-md-center align-items-center flex-basis-100\"><div class=\"w-100 h-y-container\"> <\/div><\/div><\/div><div data-colibri-id=\"6-c6\" class=\"h-row-container gutters-row-lg-2 gutters-row-md-2 gutters-row-2 gutters-row-v-lg-2 gutters-row-v-md-2 gutters-row-v-2 style-2954 style-local-6-c6 position-relative\"><div class=\"h-row justify-content-lg-center justify-content-md-center justify-content-center align-items-lg-stretch align-items-md-stretch align-items-stretch gutters-col-lg-2 gutters-col-md-2 gutters-col-2 gutters-col-v-lg-2 gutters-col-v-md-2 gutters-col-v-2\"> <div class=\"h-column h-column-container d-flex h-col-lg h-col-md h-col-auto style-2955-outer style-local-6-c7-outer\"><div data-colibri-id=\"6-c7\" class=\"d-flex h-flex-basis h-column__inner h-px-lg-2 h-px-md-2 h-px-2 v-inner-lg-2 v-inner-md-2 v-inner-2 style-2955 style-local-6-c7 position-relative\"> <div class=\"w-100 h-y-container h-column__content h-column__v-align flex-basis-100 align-self-lg-start align-self-md-start align-self-start\"> <div data-colibri-id=\"6-c8\" class=\"h-blog-categories style-2956 style-local-6-c8 position-relative h-element\"><div class=\"h-global-transition-all\"><a class=\"d-inline-block colibri-post-category\" href=\"https:\/\/anisopter.com\/es\/category\/torres\/\">Torres<\/a><\/div><\/div><div data-colibri-id=\"6-c9\" class=\"h-blog-title style-2957 style-local-6-c9 position-relative h-element\"><div class=\"h-global-transition-all\"><a href=\"https:\/\/anisopter.com\/es\/torres\/\"><h4 class=\"colibri-word-wrap\">Cosas de Torres<\/h4><\/a><\/div><\/div><div data-colibri-id=\"6-c10\" class=\"style-3015 style-local-6-c10 position-relative h-element\"><div class=\"h-global-transition-all\"><div class=\"colibri-post-excerpt\">Enlaces interesantes sobre torres. Torres del ingeniero y arquitecto Vladimir Shukhov Pilones de Cadiz By Arssenev &#8211; Own work, CC BY-SA 3.0, Link<\/div><\/div><\/div><\/div><\/div><\/div><\/div><\/div><div data-colibri-id=\"6-c11\" class=\"h-row-container gutters-row-lg-2 gutters-row-md-2 gutters-row-2 gutters-row-v-lg-2 gutters-row-v-md-2 gutters-row-v-2 style-2958 style-local-6-c11 position-relative\"><div class=\"h-row justify-content-lg-center justify-content-md-center justify-content-center align-items-lg-stretch align-items-md-stretch align-items-stretch gutters-col-lg-2 gutters-col-md-2 gutters-col-2 gutters-col-v-lg-2 gutters-col-v-md-2 gutters-col-v-2\"> <div class=\"h-column h-column-container d-flex h-col-lg h-col-md h-col style-2959-outer style-local-6-c12-outer\"><div data-colibri-id=\"6-c12\" class=\"d-flex h-flex-basis h-column__inner h-px-lg-2 h-px-md-2 h-px-2 v-inner-lg-0 v-inner-md-0 v-inner-0 style-2959 style-local-6-c12 position-relative\"> <div class=\"w-100 h-y-container h-column__content h-column__v-align flex-basis-100 align-self-lg-center align-self-md-center align-self-center\"> <div data-colibri-id=\"6-c13\" class=\"h-blog-meta style-2960 style-local-6-c13 position-relative h-element\"><div class=\"metadata-item\"><span class=\"metadata-prefix\">by<\/span> <a href=\"https:\/\/anisopter.com\/es\/author\/anisopter\/\">Anisopter<\/a> <span class=\"meta-separator\"><\/span><\/div><div class=\"metadata-item\"><span class=\"metadata-prefix\">on<\/span> <a href=\"https:\/\/anisopter.com\/es\/2023\/09\/12\/\">12\/09\/2023<\/a><\/div><\/div><\/div><\/div><\/div><div class=\"h-column h-column-container d-flex h-col-lg-auto h-col-md-auto h-col-auto style-2961-outer style-local-6-c14-outer\"><div data-colibri-id=\"6-c14\" class=\"d-flex h-flex-basis h-column__inner h-px-lg-2 h-px-md-2 h-px-2 v-inner-lg-0 v-inner-md-0 v-inner-0 style-2961 style-local-6-c14 position-relative\"> <div class=\"w-100 h-y-container h-column__content h-column__v-align flex-basis-auto align-self-lg-center align-self-md-center align-self-center\"> <div data-colibri-id=\"6-c15\" class=\"h-x-container style-2962 style-local-6-c15 position-relative h-element\"><div class=\"h-x-container-inner style-dynamic-6-c15-group\"><span class=\"h-button__outer style-2963-outer style-local-6-c16-outer d-inline-flex h-element\"><a href=\"https:\/\/anisopter.com\/es\/torres\/\" data-colibri-id=\"6-c16\" class=\"d-flex w-100 align-items-center h-button justify-content-lg-center justify-content-md-center justify-content-center style-2963 style-local-6-c16 position-relative\"> <span>Read more<\/span> <span class=\"h-svg-icon h-button__icon style-2963-icon style-local-6-c16-icon\"><svg version=\"1.1\" xmlns=\"http:\/\/www.w3.org\/2000\/svg\" xmlns:xlink=\"http:\/\/www.w3.org\/1999\/xlink\" id=\"arrow-right\" viewBox=\"0 0 512 545.5\"><path d=\"M299.5 140.5l136 136 11 11.5-11 11.5-136 136-23-23L385 304H64v-32h321L276.5 163.5z\"><\/path><\/svg><\/span><\/a><\/span><\/div><\/div><\/div><\/div><\/div><\/div><\/div><\/div><\/div><\/div>\n      \n      \n        <div class=\"h-column h-column-container d-flex h-col-lg-4 h-col-md-6 h-col-12 post-6964 post type-post status-publish format-standard has-post-thumbnail hentry category-alta-tension masonry-item style-2952-outer style-local-6-c4-outer\"><div data-colibri-id=\"6-c4\" class=\"d-flex h-flex-basis h-column__inner h-px-lg-2 h-px-md-2 h-px-2 v-inner-lg-2 v-inner-md-2 v-inner-2 style-2952 style-local-6-c4 position-relative\"> <div class=\"w-100 h-y-container h-column__content h-column__v-align flex-basis-100 align-self-lg-start align-self-md-start align-self-start\"> <div data-href=\"https:\/\/anisopter.com\/es\/proyecto-anisopter-en-smartgridsinfo-es\/\" data-colibri-component=\"link\" data-colibri-id=\"6-c5\" class=\"colibri-post-thumbnail colibri-post-has-thumbnail style-2953 style-local-6-c5 h-overflow-hidden position-relative h-element\"><div class=\"h-global-transition-all colibri-post-thumbnail-shortcode style-dynamic-6-c5-height\">            <a href=\"https:\/\/anisopter.com\/es\/proyecto-anisopter-en-smartgridsinfo-es\/\" title=\"Proyecto Anisopter en SmartGridsInfo.es\">\n\t\t\t\t<img loading=\"lazy\" decoding=\"async\" width=\"225\" height=\"225\" src=\"https:\/\/anisopter.com\/wp-content\/uploads\/2023\/06\/SmartGridsInfo.png\" class=\"attachment-post-thumbnail size-post-thumbnail wp-post-image\" alt=\"SmartGridsInfo https:\/\/www.smartgridsinfo.es\/\" srcset=\"https:\/\/anisopter.com\/wp-content\/uploads\/2023\/06\/SmartGridsInfo.png 225w, https:\/\/anisopter.com\/wp-content\/uploads\/2023\/06\/SmartGridsInfo-150x150.png 150w, https:\/\/anisopter.com\/wp-content\/uploads\/2023\/06\/SmartGridsInfo-12x12.png 12w\" sizes=\"auto, (max-width: 225px) 100vw, 225px\" \/>            <\/a>\n\t\t\t<\/div> <div class=\"colibri-post-thumbnail-content align-items-lg-center align-items-md-center align-items-center flex-basis-100\"><div class=\"w-100 h-y-container\"> <\/div><\/div><\/div><div data-colibri-id=\"6-c6\" class=\"h-row-container gutters-row-lg-2 gutters-row-md-2 gutters-row-2 gutters-row-v-lg-2 gutters-row-v-md-2 gutters-row-v-2 style-2954 style-local-6-c6 position-relative\"><div class=\"h-row justify-content-lg-center justify-content-md-center justify-content-center align-items-lg-stretch align-items-md-stretch align-items-stretch gutters-col-lg-2 gutters-col-md-2 gutters-col-2 gutters-col-v-lg-2 gutters-col-v-md-2 gutters-col-v-2\"> <div class=\"h-column h-column-container d-flex h-col-lg h-col-md h-col-auto style-2955-outer style-local-6-c7-outer\"><div data-colibri-id=\"6-c7\" class=\"d-flex h-flex-basis h-column__inner h-px-lg-2 h-px-md-2 h-px-2 v-inner-lg-2 v-inner-md-2 v-inner-2 style-2955 style-local-6-c7 position-relative\"> <div class=\"w-100 h-y-container h-column__content h-column__v-align flex-basis-100 align-self-lg-start align-self-md-start align-self-start\"> <div data-colibri-id=\"6-c8\" class=\"h-blog-categories style-2956 style-local-6-c8 position-relative h-element\"><div class=\"h-global-transition-all\"><a class=\"d-inline-block colibri-post-category\" href=\"https:\/\/anisopter.com\/es\/category\/alta-tension\/\">Alta tensi\u00f3n<\/a><\/div><\/div><div data-colibri-id=\"6-c9\" class=\"h-blog-title style-2957 style-local-6-c9 position-relative h-element\"><div class=\"h-global-transition-all\"><a href=\"https:\/\/anisopter.com\/es\/proyecto-anisopter-en-smartgridsinfo-es\/\"><h4 class=\"colibri-word-wrap\">Proyecto Anisopter en SmartGridsInfo.es<\/h4><\/a><\/div><\/div><div data-colibri-id=\"6-c10\" class=\"style-3015 style-local-6-c10 position-relative h-element\"><div class=\"h-global-transition-all\"><div class=\"colibri-post-excerpt\">Consulte el art\u00edculo de SmartGridsInfo.es* sobre el proyecto Anisopter, dedicado al estudio de unos nuevos elementos de uni\u00f3n para los apoyos de las l\u00edneas el\u00e9ctricas de alta tensi\u00f3n: https:\/\/www.smartgridsinfo.es\/2023\/06\/22\/proyecto-anisopter-investiga-elementos-union-apoyos-lineas-electricas-alta-tension *SmartGridsInfo.es es el principal medio de comunicaci\u00f3n on-line sobre las Redes El\u00e9ctricas Inteligentes. Publica diariamente noticias, art\u00edculos, entrevistas, TV, etc. y ofrece la informaci\u00f3n m\u00e1s relevante [&hellip;]<\/div><\/div><\/div><\/div><\/div><\/div><\/div><\/div><div data-colibri-id=\"6-c11\" class=\"h-row-container gutters-row-lg-2 gutters-row-md-2 gutters-row-2 gutters-row-v-lg-2 gutters-row-v-md-2 gutters-row-v-2 style-2958 style-local-6-c11 position-relative\"><div class=\"h-row justify-content-lg-center justify-content-md-center justify-content-center align-items-lg-stretch align-items-md-stretch align-items-stretch gutters-col-lg-2 gutters-col-md-2 gutters-col-2 gutters-col-v-lg-2 gutters-col-v-md-2 gutters-col-v-2\"> <div class=\"h-column h-column-container d-flex h-col-lg h-col-md h-col style-2959-outer style-local-6-c12-outer\"><div data-colibri-id=\"6-c12\" class=\"d-flex h-flex-basis h-column__inner h-px-lg-2 h-px-md-2 h-px-2 v-inner-lg-0 v-inner-md-0 v-inner-0 style-2959 style-local-6-c12 position-relative\"> <div class=\"w-100 h-y-container h-column__content h-column__v-align flex-basis-100 align-self-lg-center align-self-md-center align-self-center\"> <div data-colibri-id=\"6-c13\" class=\"h-blog-meta style-2960 style-local-6-c13 position-relative h-element\"><div class=\"metadata-item\"><span class=\"metadata-prefix\">by<\/span> <a href=\"https:\/\/anisopter.com\/es\/author\/anisopter\/\">Anisopter<\/a> <span class=\"meta-separator\"><\/span><\/div><div class=\"metadata-item\"><span class=\"metadata-prefix\">on<\/span> <a href=\"https:\/\/anisopter.com\/es\/2023\/06\/22\/\">22\/06\/2023<\/a><\/div><\/div><\/div><\/div><\/div><div class=\"h-column h-column-container d-flex h-col-lg-auto h-col-md-auto h-col-auto style-2961-outer style-local-6-c14-outer\"><div data-colibri-id=\"6-c14\" class=\"d-flex h-flex-basis h-column__inner h-px-lg-2 h-px-md-2 h-px-2 v-inner-lg-0 v-inner-md-0 v-inner-0 style-2961 style-local-6-c14 position-relative\"> <div class=\"w-100 h-y-container h-column__content h-column__v-align flex-basis-auto align-self-lg-center align-self-md-center align-self-center\"> <div data-colibri-id=\"6-c15\" class=\"h-x-container style-2962 style-local-6-c15 position-relative h-element\"><div class=\"h-x-container-inner style-dynamic-6-c15-group\"><span class=\"h-button__outer style-2963-outer style-local-6-c16-outer d-inline-flex h-element\"><a href=\"https:\/\/anisopter.com\/es\/proyecto-anisopter-en-smartgridsinfo-es\/\" data-colibri-id=\"6-c16\" class=\"d-flex w-100 align-items-center h-button justify-content-lg-center justify-content-md-center justify-content-center style-2963 style-local-6-c16 position-relative\"> <span>Read more<\/span> <span class=\"h-svg-icon h-button__icon style-2963-icon style-local-6-c16-icon\"><svg version=\"1.1\" xmlns=\"http:\/\/www.w3.org\/2000\/svg\" xmlns:xlink=\"http:\/\/www.w3.org\/1999\/xlink\" id=\"arrow-right\" viewBox=\"0 0 512 545.5\"><path d=\"M299.5 140.5l136 136 11 11.5-11 11.5-136 136-23-23L385 304H64v-32h321L276.5 163.5z\"><\/path><\/svg><\/span><\/a><\/span><\/div><\/div><\/div><\/div><\/div><\/div><\/div><\/div><\/div><\/div>\n      \n      \n          <\/div>\n      <\/div>\n    <\/div>\n  <\/div>\n<\/div>","protected":false},"excerpt":{"rendered":"","protected":false},"author":2,"featured_media":0,"parent":0,"menu_order":0,"comment_status":"closed","ping_status":"closed","template":"page-templates\/full-width-page.php","meta":{"footnotes":""},"class_list":["post-6","page","type-page","status-publish","hentry"],"aioseo_notices":[],"_links":{"self":[{"href":"https:\/\/anisopter.com\/es\/wp-json\/wp\/v2\/pages\/6","targetHints":{"allow":["GET"]}}],"collection":[{"href":"https:\/\/anisopter.com\/es\/wp-json\/wp\/v2\/pages"}],"about":[{"href":"https:\/\/anisopter.com\/es\/wp-json\/wp\/v2\/types\/page"}],"author":[{"embeddable":true,"href":"https:\/\/anisopter.com\/es\/wp-json\/wp\/v2\/users\/2"}],"replies":[{"embeddable":true,"href":"https:\/\/anisopter.com\/es\/wp-json\/wp\/v2\/comments?post=6"}],"version-history":[{"count":6,"href":"https:\/\/anisopter.com\/es\/wp-json\/wp\/v2\/pages\/6\/revisions"}],"predecessor-version":[{"id":9004,"href":"https:\/\/anisopter.com\/es\/wp-json\/wp\/v2\/pages\/6\/revisions\/9004"}],"wp:attachment":[{"href":"https:\/\/anisopter.com\/es\/wp-json\/wp\/v2\/media?parent=6"}],"curies":[{"name":"wp","href":"https:\/\/api.w.org\/{rel}","templated":true}]}}